{"id":419,"date":"2022-05-17T14:41:33","date_gmt":"2022-05-17T14:41:33","guid":{"rendered":"https:\/\/accessindustr2.wpenginepowered.com\/en\/?page_id=419"},"modified":"2024-01-22T12:51:07","modified_gmt":"2024-01-22T12:51:07","slug":"ladder-rung","status":"publish","type":"page","link":"https:\/\/accessindustrial.com\/fr-ca\/ladder-rung\/","title":{"rendered":"\u00c9chelon d&#8217;\u00e9chelle &#8211; Syst\u00e8me d&#8217;\u00e9chelle FRP &#8211; Support"},"content":{"rendered":"<div class=\"wpb-content-wrapper\"><section class=\"vc_section\"><div class=\"vc_row wpb_row vc_row-fluid\"><div class=\"wpb_column vc_column_container vc_col-sm-6\"><div class=\"vc_column-inner\"><div class=\"wpb_wrapper\"><h2 style=\"text-align: left\" class=\"vc_custom_heading vc_do_custom_heading\" >Barreau d'\u00e9chelle | Syst\u00e8me d'\u00e9chelle FRP<\/h2>\n\t<div class=\"wpb_raw_code wpb_raw_html wpb_content_element\" >\n\t\t<div class=\"wpb_wrapper\">\n\t\t\t<p><iframe loading=\"lazy\" src=\"https:\/\/www.google.com\/maps\/embed?pb=!1m18!1m12!1m3!1d2887.9764170787307!2d-79.64209188454123!3d43.62784977912225!2m3!1f0!2f0!3f0!3m2!1i1024!2i768!4f13.1!3m3!1m2!1s0x882b38a862f047c3%3A0x8afecf3692250e0d!2s5205+Timberlea+Blvd%2C+Mississauga%2C+ON+L4W+2S3%2C+Canada!5e0!3m2!1sen!2sin!4v1555759239147!5m2!1sen!2sin\" width=\"100%\" height=\"300\" frameborder=\"0\" style=\"border:0\" allowfullscreen><\/iframe>\n<\/p>\n\t\t<\/div>\n\t<\/div>\n<\/div><\/div><\/div><div class=\"wpb_column vc_column_container vc_col-sm-6\"><div class=\"vc_column-inner\"><div class=\"wpb_wrapper\">\n\t<div class=\"wpb_text_column wpb_content_element\" >\n\t\t<div class=\"wpb_wrapper\">\n\t\t\t<p class=\"m-t-0\"><a href=\"https:\/\/accessindustrial.com\/en\/Product\/frp-ladders\/\">\u00c9chelon d&#8217;\u00e9chelle et produits FRP<\/a> Assistance<\/p>\n\n<div class=\"wpcf7 no-js\" id=\"wpcf7-f131-o1\" lang=\"en-US\" dir=\"ltr\" data-wpcf7-id=\"131\">\n<div class=\"screen-reader-response\"><p role=\"status\" aria-live=\"polite\" aria-atomic=\"true\"><\/p> <ul><\/ul><\/div>\n<form action=\"\/fr-ca\/wp-json\/wp\/v2\/pages\/419#wpcf7-f131-o1\" method=\"post\" class=\"wpcf7-form init\" aria-label=\"Contact form\" novalidate=\"novalidate\" data-status=\"init\" data-trp-original-action=\"\/fr-ca\/wp-json\/wp\/v2\/pages\/419#wpcf7-f131-o1\">\n<fieldset class=\"hidden-fields-container\"><input type=\"hidden\" name=\"_wpcf7\" value=\"131\" \/><input type=\"hidden\" name=\"_wpcf7_version\" value=\"6.1.5\" \/><input type=\"hidden\" name=\"_wpcf7_locale\" value=\"en_US\" \/><input type=\"hidden\" name=\"_wpcf7_unit_tag\" value=\"wpcf7-f131-o1\" \/><input type=\"hidden\" name=\"_wpcf7_container_post\" value=\"0\" \/><input type=\"hidden\" name=\"_wpcf7_posted_data_hash\" value=\"\" \/><input type=\"hidden\" name=\"lang\" value=\"fr-ca\" \/><input type=\"hidden\" name=\"_wpcf7_recaptcha_response\" value=\"\" \/>\n<\/fieldset>\n<div class=\"form-group\">\n\t<p><span class=\"wpcf7-form-control-wrap\" data-name=\"your-name\"><input size=\"40\" maxlength=\"400\" class=\"wpcf7-form-control wpcf7-text wpcf7-validates-as-required form-control\" aria-required=\"true\" aria-invalid=\"false\" placeholder=\"Nom*\" value=\"\" type=\"text\" name=\"your-name\" \/><\/span>\n\t<\/p>\n<\/div>\n<div class=\"form-group\">\n\t<p><span class=\"wpcf7-form-control-wrap\" data-name=\"your-email\"><input size=\"40\" maxlength=\"400\" class=\"wpcf7-form-control wpcf7-email wpcf7-validates-as-required wpcf7-text wpcf7-validates-as-email form-control\" aria-required=\"true\" aria-invalid=\"false\" placeholder=\"Courriel*\" value=\"\" type=\"email\" name=\"your-email\" \/><\/span>\n\t<\/p>\n<\/div>\n<div class=\"form-group\">\n\t<p><span class=\"wpcf7-form-control-wrap\" data-name=\"your-organization\"><input size=\"40\" maxlength=\"400\" class=\"wpcf7-form-control wpcf7-text wpcf7-validates-as-required form-control\" aria-required=\"true\" aria-invalid=\"false\" placeholder=\"Entreprise*\" value=\"\" type=\"text\" name=\"your-organization\" \/><\/span>\n\t<\/p>\n<\/div>\n<div class=\"form-group\">\n\t<p><span class=\"wpcf7-form-control-wrap\" data-name=\"your-message\"><textarea cols=\"40\" rows=\"10\" maxlength=\"2000\" class=\"wpcf7-form-control wpcf7-textarea wpcf7-validates-as-required form-control\" aria-required=\"true\" aria-invalid=\"false\" placeholder=\"Message*\" name=\"your-message\"><\/textarea><\/span>\n\t<\/p>\n<\/div>\n<p><input class=\"wpcf7-form-control wpcf7-submit has-spinner btn\" type=\"submit\" value=\"ENVOYER\" \/>\n<\/p><div class=\"wpcf7-response-output\" aria-hidden=\"true\"><\/div>\n<input type=\"hidden\" name=\"trp-form-language\" value=\"fr-ca\"\/><\/form>\n<\/div>\n\n\n\t\t<\/div>\n\t<\/div>\n\n\t<div class=\"wpb_text_column wpb_content_element\" >\n\t\t<div class=\"wpb_wrapper\">\n\t\t\t<p class=\"m-t-0\"><a href=\"https:\/\/en.wikipedia.org\/wiki\/Fibre-reinforced_plastic\" target=\"_blank\" rel=\"noopener\">Support produits FRP<\/a>< \/p><\/p>\n\n\t\t<\/div>\n\t<\/div>\n<\/div><\/div><\/div><\/div><div class=\"vc_row wpb_row vc_row-fluid\"><div class=\"wpb_column vc_column_container vc_col-sm-12\"><div class=\"vc_column-inner\"><div class=\"wpb_wrapper\">\n\t<div class=\"wpb_text_column wpb_content_element\" >\n\t\t<div class=\"wpb_wrapper\">\n\t\t\t<p>Les \u00e9chelles FRP sont couramment utilis\u00e9es dans les environnements industriels pour permettre l&#8217;acc\u00e8s \u00e0 des emplacements \u00e9lev\u00e9s ou permettre une sortie s\u00fbre en cas d&#8217;urgence. Ceux-ci sont largement utilis\u00e9s dans le domaine de la construction.<\/p>\n<p>Access Industrail Inc fournira une <a href=\"https:\/\/accessindustrial.com\/en\/Product\/frp-ladders\/\">\u00e9chelle FRP<\/a>, <a href=\"https:\/\/accessindustrial.com\/en\/ Product\/frp-platforms-for-corrosive-environments\/\">\u00c9chelle de plate-forme FRP<\/a>, \u00e9chelle de support mural FRP, chariot \u00e0 \u00e9chelle FRP, chariot FRP, escabeau FRP, etc.<\/p>\n<p>L\u2019une des meilleures \u00e9chelles est l\u2019\u00e9chelle de s\u00e9curit\u00e9 en fibre de verre de type pliable et autoport\u00e9e en FRP \u00e0 7 marches, sans choc \u00e9lectrique.<\/p>\n\n\t\t<\/div>\n\t<\/div>\n<div class=\"vc_btn3-container vc_btn3-center vc_do_btn\" ><a class=\"vc_general vc_btn3 vc_btn3-size-lg vc_btn3-shape-rounded vc_btn3-style-3d vc_btn3-color-juicy-pink\" href=\"https:\/\/accessindustrial.com\/fr-ca\/Product\/frp-ladders\/\" title=\"\u00c9chelle en fibre de verre | \u00c9chelles en PRF\">\u00c9chelle en fibre de verre | \u00c9chelles en PRF<\/a><\/div><\/div><\/div><\/div><\/div><\/section>\n<\/div>","protected":false},"excerpt":{"rendered":"Barreau d'\u00e9chelle | Syst\u00e8me d'\u00e9chelle FRP \u00c9chelon d'\u00e9chelle et produits FRP Assistance Support produits FRP< \/p> Les \u00e9chelles FRP sont couramment utilis\u00e9es dans les environnements industriels pour permettre l'acc\u00e8s \u00e0 des emplacements \u00e9lev\u00e9s ou permettre une sortie s\u00fbre en cas d'urgence. Ceux-ci sont largement utilis\u00e9s dans le domaine de la construction. Access Industrail Inc fournira [...]","protected":false},"author":2,"featured_media":426,"parent":0,"menu_order":1,"comment_status":"closed","ping_status":"closed","template":"","meta":{"footnotes":""},"class_list":["post-419","page","type-page","status-publish","has-post-thumbnail","hentry","entry"],"_links":{"self":[{"href":"https:\/\/accessindustrial.com\/fr-ca\/wp-json\/wp\/v2\/pages\/419","targetHints":{"allow":["GET"]}}],"collection":[{"href":"https:\/\/accessindustrial.com\/fr-ca\/wp-json\/wp\/v2\/pages"}],"about":[{"href":"https:\/\/accessindustrial.com\/fr-ca\/wp-json\/wp\/v2\/types\/page"}],"author":[{"embeddable":true,"href":"https:\/\/accessindustrial.com\/fr-ca\/wp-json\/wp\/v2\/users\/2"}],"replies":[{"embeddable":true,"href":"https:\/\/accessindustrial.com\/fr-ca\/wp-json\/wp\/v2\/comments?post=419"}],"version-history":[{"count":0,"href":"https:\/\/accessindustrial.com\/fr-ca\/wp-json\/wp\/v2\/pages\/419\/revisions"}],"wp:featuredmedia":[{"embeddable":true,"href":"https:\/\/accessindustrial.com\/fr-ca\/wp-json\/wp\/v2\/media\/426"}],"wp:attachment":[{"href":"https:\/\/accessindustrial.com\/fr-ca\/wp-json\/wp\/v2\/media?parent=419"}],"curies":[{"name":"wp","href":"https:\/\/api.w.org\/{rel}","templated":true}]}}