{"id":383,"date":"2022-04-11T15:07:21","date_gmt":"2022-04-11T15:07:21","guid":{"rendered":"https:\/\/accessindustr2.wpenginepowered.com\/en\/?page_id=383"},"modified":"2025-04-07T17:58:47","modified_gmt":"2025-04-07T17:58:47","slug":"frp-platform-specification","status":"publish","type":"page","link":"https:\/\/accessindustrial.com\/fr-ca\/frp-platform-specification\/","title":{"rendered":"Sp\u00e9cification de la plateforme FRP"},"content":{"rendered":"<h2 style=\"text-align: center;\">Sp\u00e9cification de la plateforme FRP<\/h2>\n<p style=\"text-align: center;\">ARTICLE 06610<\/p>\n<p style=\"text-align: center;\">PLATES-FORMES ET STRUCTURES EN FIBRE DE VERRE<\/p>\n<h2 style=\"text-align: center;\">PARTIE 1 \u2011 G\u00c9N\u00c9RALIT\u00c9S<\/h2>\n<h4>1.1 PORT\u00c9E DES TRAVAUX<\/h4>\n<p>Cette sp\u00e9cification concerne les plates-formes et structures FRP personnalis\u00e9es destin\u00e9es \u00e0 \u00eatre utilis\u00e9es dans des environnements corrosifs, conform\u00e9ment au Code du b\u00e2timent de l&#8217;Ontario.<\/p>\n<h4>1.2 R\u00c9F\u00c9RENCES<\/h4>\n<p>Les publications r\u00e9pertori\u00e9es ci-dessous font partie de cette description dans la mesure o\u00f9 elles sont r\u00e9f\u00e9renc\u00e9es ici. Les publications sont mentionn\u00e9es dans le texte uniquement par leur d\u00e9signation.<br \/>\nSp\u00e9cification de la plate-forme FRP<\/p>\n<p>CAN\/ONGC 41.22-93<\/p>\n<p>SOCI\u00c9T\u00c9 AM\u00c9RICAINE POUR LES TESTS ET LES MAT\u00c9RIAUX (ASTM)<\/p>\n<p>ASTM D-638-Propri\u00e9t\u00e9s de traction des plastiques<\/p>\n<p>ASTM D-790-Propri\u00e9t\u00e9s de flexion des plastiques non renforc\u00e9s et renforc\u00e9s<\/p>\n<p>ASTM D-2344-R\u00e9sistance apparente au cisaillement interlaminaire des composites \u00e0 fibres parall\u00e8les par la m\u00e9thode des poutres courtes<\/p>\n<p>ASTM D-696-Coefficient de dilatation thermique lin\u00e9aire pour les plastiques<\/p>\n<p>ASTM E-84-Caract\u00e9ristiques de combustion en surface des mat\u00e9riaux de construction<\/p>\n<p>Le Code du b\u00e2timent de l&#8217;Ontario<\/p>\n<p>&nbsp;<\/p>\n<h4>1.3 ENTREPRENEUR<\/h4>\n<p>SOUMISSIONS<\/p>\n<p>1. L&#8217;ENTREPRENEUR doit fournir des dessins d&#8217;atelier estampill\u00e9s et scell\u00e9s par un ing\u00e9nieur professionnel enregistr\u00e9 dans la province de l&#8217;Ontario de toutes les plates-formes et accessoires fabriqu\u00e9s conform\u00e9ment aux dispositions de la pr\u00e9sente section.<\/p>\n<p>2. L&#8217;ENTREPRENEUR doit fournir des calculs de plate-forme estamp\u00e9e et scell\u00e9e, y compris les poutres de support, les clips et les boulons en utilisant les charges sp\u00e9cifi\u00e9es dans le Code du b\u00e2timent de l&#8217;Ontario.<\/p>\n<p>3. L&#8217;ENTREPRENEUR peut \u00eatre tenu de soumettre des \u00e9chantillons de chaque article sp\u00e9cifi\u00e9 dans le pr\u00e9sent document pour acceptation par l&#8217;ING\u00c9NIEUR quant \u00e0 la qualit\u00e9 et \u00e0 la couleur. Les \u00e9chantillons doivent \u00eatre fabriqu\u00e9s selon la m\u00e9thode qui sera utilis\u00e9e dans les TRAVAUX.<\/p>\n<p>&nbsp;<\/p>\n<h4>1.4 ASSURANCE QUALIT\u00c9<\/h4>\n<p>1. Le fabricant offrira une garantie limit\u00e9e de 3 ans sur tous les produits FRP contre les d\u00e9fauts de mat\u00e9riaux et de fabrication.<\/p>\n<p>2. Les structures FRP doivent \u00eatre con\u00e7ues par un ing\u00e9nieur professionnel poss\u00e9dant une exp\u00e9rience av\u00e9r\u00e9e de 5 ans dans la conception FRP.<\/p>\n<p>3. Le fabricant doit soumettre un plan de test d&#8217;inspection pour approbation \u00e0 l&#8217;ing\u00e9nieur.<\/p>\n<p>&nbsp;<\/p>\n<h4>1.5 LIVRAISON ET STOCKAGE DES PRODUITS<\/h4>\n<p>1. Livraison des mat\u00e9riaux\u00a0: Les mat\u00e9riaux fabriqu\u00e9s doivent \u00eatre livr\u00e9s dans des palettes, des emballages, des conteneurs ou des paquets originaux et ininterrompus portant l&#8217;\u00e9tiquette du fabricant. Les adh\u00e9sifs, les r\u00e9sines et leurs catalyseurs et durcisseurs doivent \u00eatre mis en caisse ou en bo\u00eete s\u00e9par\u00e9ment et not\u00e9s comme tels pour faciliter leur d\u00e9placement vers une installation de stockage int\u00e9rieure s\u00e8che.<\/p>\n<p>2. Stockage des produits\u00a0: tous les mat\u00e9riaux doivent \u00eatre manipul\u00e9s avec soin pour \u00e9viter toute abrasion, fissuration, \u00e9caillage, torsion, autres d\u00e9formations et autres types de dommages. Les adh\u00e9sifs, les r\u00e9sines et leurs catalyseurs doivent \u00eatre stock\u00e9s dans des installations de stockage int\u00e9rieures s\u00e8ches jusqu&#8217;\u00e0 ce qu&#8217;ils soient n\u00e9cessaires.<\/p>\n<p>&nbsp;<\/p>\n<h2>PARTIE 2 \u2013 PRODUITS<\/h2>\n<h4>2.1 FABRICANT<\/h4>\n<p>Les plates-formes FRP doivent \u00eatre fabriqu\u00e9es par<\/p>\n<p><strong>Acc\u00e8s Industriel Inc.<\/strong><\/p>\n<p>5205, boulevard Timberlea<\/p>\n<p>Mississauga Ontario<\/p>\n<p>Canada\u00a0L4W 2S3<\/p>\n<p>(1) 888 557 0070<\/p>\n<p>www.accessindustrial.com<\/p>\n<p>Ing\u00e9nieur approuv\u00e9 \u00e9gal<\/p>\n<p>&nbsp;<\/p>\n<h4>2.2 G\u00c9N\u00c9RAL<\/h4>\n<p>Toutes les poutres et grilles de support de plate-forme doivent \u00eatre des formes structurelles en FRP fabriqu\u00e9es par le processus de pultrusion. Les supports muraux doivent \u00eatre de construction moul\u00e9e en FRP utilisant le processus de stratification manuelle conform\u00e9ment \u00e0 la norme CAN\/CGSB 41.22-93 ou en acier inoxydable 316.<\/p>\n<p>1. Les r\u00e9sines doivent \u00eatre du polyester isophtalique avec la formulation chimique n\u00e9cessaire pour fournir la r\u00e9sistance \u00e0 la corrosion, la r\u00e9sistance et d&#8217;autres propri\u00e9t\u00e9s physiques requises.<\/p>\n<p>2. Toutes les surfaces finies des articles et fabrications en FRP doivent \u00eatre lisses, riches en r\u00e9sine, exemptes de vides et sans points secs, fissures, craquelures ou zones non renforc\u00e9es. Toutes les fibres de verre doivent \u00eatre bien recouvertes de r\u00e9sine pour les prot\u00e9ger contre leur exposition due \u00e0 l&#8217;usure ou aux intemp\u00e9ries.<\/p>\n<p>3. Tous les produits FRP doivent avoir un indice de propagation de la flamme test\u00e9 de 25 ou moins selon l&#8217;essai en tunnel ASTM E-84.<\/p>\n<p>4. S&#8217;il y a des \u00e9coutilles, les plates-formes doivent \u00eatre \u00e9quip\u00e9es d&#8217;un syst\u00e8me d&#8217;\u00e9coutilles de type ciseaux compos\u00e9 de 2 \u00e9coutilles parall\u00e8les ou plus en fonction des dimensions du<\/p>\n<p>5. Toutes les attaches m\u00e9talliques doivent \u00eatre en acier inoxydable 316 sans exception.<\/p>\n<p>6. Tous les boulons d&#8217;ancrage doivent \u00eatre des boulons Hilti Kwik en acier inoxydable 316 ou des boulons \u00e9quivalents approuv\u00e9s par l&#8217;ING\u00c9NIEUR.<\/p>\n<p>7. Les formes structurelles pultrud\u00e9es utilis\u00e9es dans le syst\u00e8me de plate-forme doivent avoir les propri\u00e9t\u00e9s m\u00e9caniques longitudinales minimales \u00e9num\u00e9r\u00e9es ci-dessous\u00a0:<\/p>\n<p>&nbsp;<\/p>\n<table border=\"0\" cellspacing=\"0\" cellpadding=\"0\">\n<tbody>\n<tr>\n<td valign=\"top\" width=\"240\"><strong>Property<\/strong><\/td>\n<td valign=\"top\" width=\"108\"><strong>ASTM Method<\/strong><\/td>\n<td valign=\"top\" width=\"162\"><strong>Value<\/strong><\/td>\n<td valign=\"top\" width=\"102\"><strong>Units<\/strong><\/td>\n<\/tr>\n<tr>\n<td valign=\"top\" width=\"240\">Tensile Strength<\/td>\n<td valign=\"top\" width=\"108\">D-638<\/td>\n<td valign=\"top\" width=\"162\">30,000 (206)<\/td>\n<td valign=\"top\" width=\"102\">psi (MPa)<\/td>\n<\/tr>\n<tr>\n<td valign=\"top\" width=\"240\">Tensile Modulus<\/td>\n<td valign=\"top\" width=\"108\">D-638<\/td>\n<td valign=\"top\" width=\"162\">2.5 x 10<sup>6<\/sup>\u00a0(17.2)<\/td>\n<td valign=\"top\" width=\"102\">psi (GPa)<\/td>\n<\/tr>\n<tr>\n<td valign=\"top\" width=\"240\">Flexural Strength<\/td>\n<td valign=\"top\" width=\"108\">D-790<\/td>\n<td valign=\"top\" width=\"162\">30,000 (206)<\/td>\n<td valign=\"top\" width=\"102\">psi (MPa)<\/td>\n<\/tr>\n<tr>\n<td valign=\"top\" width=\"240\">Flexural Modulus<\/td>\n<td valign=\"top\" width=\"108\">D-790<\/td>\n<td valign=\"top\" width=\"162\">1.8 x 10<sup>6<\/sup>\u00a0(12.4)<\/td>\n<td valign=\"top\" width=\"102\">psi (GPa)<\/td>\n<\/tr>\n<tr>\n<td valign=\"top\" width=\"240\">Flexural Modulus (Full Section)<\/td>\n<td valign=\"top\" width=\"108\">N\/A<\/td>\n<td valign=\"top\" width=\"162\">2.8 x 10<sup>6<\/sup>\u00a0(19.3)<\/td>\n<td valign=\"top\" width=\"102\">psi (GPa)<\/td>\n<\/tr>\n<tr>\n<td valign=\"top\" width=\"240\">Short Beam Shear (Transverse)<\/td>\n<td valign=\"top\" width=\"108\">D-2344<\/td>\n<td valign=\"top\" width=\"162\">4,500 (31)<\/td>\n<td valign=\"top\" width=\"102\">psi (MPa)<\/td>\n<\/tr>\n<tr>\n<td valign=\"top\" width=\"240\">Shear Modulus (Transverse)<\/td>\n<td valign=\"top\" width=\"108\">N\/A<\/td>\n<td valign=\"top\" width=\"162\">4.5 x 10<sup>5<\/sup>\u00a0(3.1)<\/td>\n<td valign=\"top\" width=\"102\">psi (GPa)<\/td>\n<\/tr>\n<tr>\n<td valign=\"top\" width=\"240\">Coefficient of Thermal Expansion<\/td>\n<td valign=\"top\" width=\"108\">D-696<\/td>\n<td valign=\"top\" width=\"162\">8.0 x 10<sup>-6<\/sup><\/td>\n<\/tr>\n<\/tbody>\n<\/table>\n<p>&nbsp;<\/p>\n<h2>PARTIE 3 \u2013 EX\u00c9CUTION<\/h2>\n<h4>3.1 FABRICATION<\/h4>\n<p>1. Toutes les plates-formes doivent \u00eatre con\u00e7ues et am\u00e9nag\u00e9es en stricte conformit\u00e9 avec le Code du b\u00e2timent de l&#8217;Ontario.<\/p>\n<p>2. Les plates-formes doivent \u00eatre assembl\u00e9es en atelier lorsque cela est possible.<\/p>\n<p>3. Tous les bords, trous et encoches coup\u00e9s ou usin\u00e9s doivent \u00eatre scell\u00e9s pour offrir une r\u00e9sistance maximale \u00e0 la corrosion. Toutes les coupes fabriqu\u00e9es sur place doivent \u00eatre enduites de la m\u00eame mani\u00e8re par l\u2019entrepreneur conform\u00e9ment aux instructions du fabricant.<\/p>\n<p>&nbsp;<\/p>\n<h2>4.0 EXIGENCES DE RENDEMENT<\/h2>\n<p>1. La charge de conception pour la plate-forme FRP doit \u00eatre de 4,8 KPa (100 lb par pied carr\u00e9).<\/p>\n<p>2. La d\u00e9flexion des plates-formes FRP, \u00e0 l&#8217;exception des \u00e9coutilles, ne doit pas d\u00e9passer L\/180 \u00e0 4,8 KPa.<\/p>\n<p>3. La d\u00e9flexion des \u00e9coutilles \u00e0 mi-port\u00e9e ne doit pas d\u00e9passer L\/360 \u00e0 4,8 KPa (100 lb par pied carr\u00e9).<\/p>\n<h2>5.0 INSTALLATION<\/h2>\n<p>1. L\u2019entrepreneur devra installer la plate-forme en stricte conformit\u00e9 avec le dessin d\u2019assemblage et le manuel d\u2019installation du fabricant.<\/p>\n<p>2. Suivez les fiches MSDS du fabricant lors de la coupe ou du per\u00e7age de produits en fibre de verre ou de l&#8217;utilisation de produits en r\u00e9sine\u00a0; assurer une ventilation ad\u00e9quate.<\/p>\n<p>&nbsp;<\/p>","protected":false},"excerpt":{"rendered":"<p>Sp\u00e9cification de la plateforme FRP ARTICLE 06610 PLATES-FORMES ET STRUCTURES EN FIBRE DE VERRE PARTIE 1 \u2011 G\u00c9N\u00c9RALIT\u00c9S 1.1 PORT\u00c9E DES TRAVAUX Cette sp\u00e9cification concerne les plates-formes et structures FRP personnalis\u00e9es destin\u00e9es \u00e0 \u00eatre utilis\u00e9es dans des environnements corrosifs, conform\u00e9ment au Code du b\u00e2timent de l&#8217;Ontario. 1.2 R\u00c9F\u00c9RENCES Les publications r\u00e9pertori\u00e9es ci-dessous font partie de [&hellip;]<\/p>","protected":false},"author":2,"featured_media":0,"parent":0,"menu_order":4,"comment_status":"closed","ping_status":"closed","template":"","meta":{"footnotes":""},"class_list":["post-383","page","type-page","status-publish","hentry","entry"],"_links":{"self":[{"href":"https:\/\/accessindustrial.com\/fr-ca\/wp-json\/wp\/v2\/pages\/383","targetHints":{"allow":["GET"]}}],"collection":[{"href":"https:\/\/accessindustrial.com\/fr-ca\/wp-json\/wp\/v2\/pages"}],"about":[{"href":"https:\/\/accessindustrial.com\/fr-ca\/wp-json\/wp\/v2\/types\/page"}],"author":[{"embeddable":true,"href":"https:\/\/accessindustrial.com\/fr-ca\/wp-json\/wp\/v2\/users\/2"}],"replies":[{"embeddable":true,"href":"https:\/\/accessindustrial.com\/fr-ca\/wp-json\/wp\/v2\/comments?post=383"}],"version-history":[{"count":0,"href":"https:\/\/accessindustrial.com\/fr-ca\/wp-json\/wp\/v2\/pages\/383\/revisions"}],"wp:attachment":[{"href":"https:\/\/accessindustrial.com\/fr-ca\/wp-json\/wp\/v2\/media?parent=383"}],"curies":[{"name":"wp","href":"https:\/\/api.w.org\/{rel}","templated":true}]}}