{"id":374,"date":"2022-04-11T14:30:35","date_gmt":"2022-04-11T14:30:35","guid":{"rendered":"https:\/\/accessindustr2.wpenginepowered.com\/en\/?page_id=374"},"modified":"2024-01-22T13:10:11","modified_gmt":"2024-01-22T13:10:11","slug":"frp-safety-landing-specification","status":"publish","type":"page","link":"https:\/\/accessindustrial.com\/fr-ca\/frp-safety-landing-specification\/","title":{"rendered":"Sp\u00e9cification d&#8217;atterrissage de s\u00e9curit\u00e9 FRP"},"content":{"rendered":"<h2 style=\"text-align: center;\">Sp\u00e9cification d&#8217;atterrissage de s\u00e9curit\u00e9 FRP<\/h2>\n<p>&nbsp;<\/p>\n<p>PALIERS DE S\u00c9CURIT\u00c9 EN FIBRE DE VERRE POUR REGARDS<\/p>\n<h2>PARTIE 1 \u2011 G\u00c9N\u00c9RALIT\u00c9S<\/h2>\n<h4>1.1 PORT\u00c9E DES TRAVAUX<\/h4>\n<p>Cette sp\u00e9cification concerne <a href=\"https:\/\/accessindustrial.com\/en\/Product\/frp-safety-landings-for-manholes\/\"><em><strong><span style=\"color: #ff6600;\">atterrissages s\u00e9curit\u00e9 en fibre de verre<\/span><\/strong><\/em><\/a> pour les regards conform\u00e9ment au Code du b\u00e2timent de l&#8217;Ontario.<\/p>\n<h4>1.2 R\u00c9F\u00c9RENCES<\/h4>\n<p>Les publications r\u00e9pertori\u00e9es ci-dessous font partie de cette description dans la mesure o\u00f9 elles sont r\u00e9f\u00e9renc\u00e9es ici. Les publications sont mentionn\u00e9es dans le texte uniquement par leur d\u00e9signation.<\/p>\n<ul>\n<li>CAN\/ONGC 41.22-93<\/li>\n<li>SOCI\u00c9T\u00c9 AM\u00c9RICAINE POUR LES TESTS ET LES MAT\u00c9RIAUX (ASTM)<\/li>\n<li>ASTM D-638-Propri\u00e9t\u00e9s de traction des plastiques<\/li>\n<li>ASTM D-790-Propri\u00e9t\u00e9s de flexion des plastiques non renforc\u00e9s et renforc\u00e9s<\/li>\n<li>ASTM D-2344-R\u00e9sistance apparente au cisaillement interlaminaire des composites \u00e0 fibres parall\u00e8les par la m\u00e9thode des poutres courtes<\/li>\n<li>ASTM D-696-Coefficient de dilatation thermique lin\u00e9aire pour les plastiques<\/li>\n<li>ASTM E-84-Caract\u00e9ristiques de combustion en surface des mat\u00e9riaux de construction<\/li>\n<li>Le Code du b\u00e2timent de l&#8217;Ontario (CBO)<\/li>\n<\/ul>\n<h4>1.3 SOUMISSIONS DE L&#8217;ENTREPRENEUR<\/h4>\n<ul>\n<li>L&#8217;ENTREPRENEUR doit fournir des dessins d&#8217;atelier estampill\u00e9s et scell\u00e9s par un ing\u00e9nieur professionnel enregistr\u00e9 dans la province de l&#8217;Ontario de tous les paliers et accessoires fabriqu\u00e9s conform\u00e9ment aux dispositions de la pr\u00e9sente section.<\/li>\n<li>L&#8217;ENTREPRENEUR doit fournir des calculs d&#8217;atterrissage estamp\u00e9s et scell\u00e9s, y compris les poutres de support, les clips et les boulons en utilisant les charges sp\u00e9cifi\u00e9es dans le Code du b\u00e2timent de l&#8217;Ontario.<\/li>\n<li>L&#8217;ENTREPRENEUR peut \u00eatre tenu de soumettre des \u00e9chantillons de chaque article sp\u00e9cifi\u00e9 dans le pr\u00e9sent document pour acceptation par l&#8217;ING\u00c9NIEUR quant \u00e0 la qualit\u00e9 et \u00e0 la couleur.<\/li>\n<\/ul>\n<h4><strong>1.4 ASSURANCE QUALIT\u00c9<\/strong><\/h4>\n<ul>\n<li>Le fabricant offrira une garantie limit\u00e9e de 3 ans sur tous les produits FRP contre les d\u00e9fauts de mat\u00e9riaux et de fabrication.<\/li>\n<li>Le fabricant doit soumettre un plan de test d&#8217;inspection (ITP) pour approbation \u00e0 l&#8217;ing\u00e9nieur.<\/li>\n<\/ul>\n<h4>1.5 LIVRAISON ET STOCKAGE DES PRODUITS<\/h4>\n<ul>\n<li>Livraison des mat\u00e9riaux\u00a0: Les mat\u00e9riaux fabriqu\u00e9s doivent \u00eatre livr\u00e9s dans des palettes, des emballages, des conteneurs ou des paquets originaux et ininterrompus portant l&#8217;\u00e9tiquette du fabricant. Les adh\u00e9sifs, les r\u00e9sines et leurs catalyseurs et durcisseurs doivent \u00eatre mis en caisse ou en bo\u00eete s\u00e9par\u00e9ment et not\u00e9s comme tels pour faciliter leur d\u00e9placement vers une installation de stockage int\u00e9rieure s\u00e8che.<\/li>\n<li>Stockage des produits : tous les mat\u00e9riaux doivent \u00eatre manipul\u00e9s avec soin pour \u00e9viter toute abrasion, fissuration, \u00e9caillage, torsion, autres d\u00e9formations et autres types de dommages. Les adh\u00e9sifs, les r\u00e9sines et leurs catalyseurs doivent \u00eatre stock\u00e9s dans des installations de stockage int\u00e9rieures et s\u00e8ches jusqu&#8217;\u00e0 ce qu&#8217;ils soient n\u00e9cessaires.<\/li>\n<\/ul>\n<p>&nbsp;<\/p>\n<h2 style=\"text-align: left;\">PARTIE 2 \u2013 PRODUITS<\/h2>\n<h4 style=\"text-align: left;\">2.1 FABRICANT<\/h4>\n<p>Les plates-formes de s\u00e9curit\u00e9 FRP doivent \u00eatre des plates-formes de s\u00e9curit\u00e9 d&#8217;acc\u00e8s FRP\u00ae\u00a0telles que fabriqu\u00e9es par\u00a0:<\/p>\n<p>&nbsp;<\/p>\n<p><strong>Acc\u00e8s Industriel Inc.<\/strong><\/p>\n<p><strong>Adresse\u00a0:<\/strong>\u00a05205, boulevard Timberlea, Mississauga, Ontario<br \/>\nL4W2S3<\/p>\n<p><strong>T\u00e9l\u00e9phone\u00a0:<\/strong>\u00a0905-602-4020<\/p>\n<p><strong>Num\u00e9ro gratuit\u00a0:<\/strong>\u00a0(888)\u00a0557\u00a00070<\/p>\n<p>www.accessindustrial.com<\/p>\n<h4>2.2 G\u00c9N\u00c9RAL<\/h4>\n<ul>\n<li>Toutes les poutres et grilles de support de plate-forme doivent \u00eatre des formes structurelles en FRP fabriqu\u00e9es par le processus de pultrusion. Les supports muraux doivent \u00eatre de construction moul\u00e9e en FRP utilisant le processus de stratification manuelle conform\u00e9ment \u00e0 la norme CAN\/CGSB 41.22-93 ou en acier inoxydable 316.<\/li>\n<li>Les r\u00e9sines doivent \u00eatre du polyester isophtalique avec la formulation chimique n\u00e9cessaire pour fournir la r\u00e9sistance \u00e0 la corrosion, la r\u00e9sistance et d&#8217;autres propri\u00e9t\u00e9s physiques requises.<\/li>\n<li>Toutes les surfaces finies des articles et fabrications en FRP doivent \u00eatre lisses, riches en r\u00e9sine, exemptes de vides et sans points secs, fissures, craquelures ou zones non renforc\u00e9es. Toutes les fibres de verre doivent \u00eatre bien recouvertes de r\u00e9sine pour les prot\u00e9ger contre leur exposition due \u00e0 l&#8217;usure ou aux intemp\u00e9ries.<\/li>\n<li>Tous les produits FRP doivent avoir un indice de propagation de la flamme test\u00e9 de 25 ou moins selon l&#8217;essai en tunnel ASTM E-84.<\/li>\n<li>Les plates-formes doivent \u00eatre \u00e9quip\u00e9es d&#8217;un syst\u00e8me de trappes de type ciseaux compos\u00e9 de 2 trappes parall\u00e8les ou plus en fonction des dimensions de l&#8217;ouverture de la trappe. Les grilles d&#8217;\u00e9coutille doivent \u00eatre pultrud\u00e9es et doivent utiliser un m\u00e9canisme de charni\u00e8re en fibre de verre autobloquant. Les syst\u00e8mes de charni\u00e8res m\u00e9talliques ne doivent pas \u00eatre utilis\u00e9s car ils endommagent les caillebotis et les supports structurels en FRP et compromettent la r\u00e9sistance chimique de la plate-forme.<\/li>\n<li>Toutes les attaches m\u00e9talliques doivent \u00eatre en 316SS sans exception.<\/li>\n<li>Tous les boulons d&#8217;ancrage doivent \u00eatre des boulons Hilti Kwik en acier inoxydable 316 ou des boulons \u00e9quivalents approuv\u00e9s par l&#8217;ING\u00c9NIEUR.<\/li>\n<li>Les formes structurelles pultrud\u00e9es utilis\u00e9es dans le syst\u00e8me de plate-forme doivent avoir les propri\u00e9t\u00e9s m\u00e9caniques longitudinales minimales \u00e9num\u00e9r\u00e9es ci-dessous\u00a0:<\/li>\n<\/ul>\n<p>&nbsp;<\/p>\n<table border=\"0\" width=\"810\" cellspacing=\"0\" cellpadding=\"0\">\n<tbody>\n<tr>\n<td valign=\"top\" width=\"300\"><strong>Property<\/strong><\/td>\n<td valign=\"top\" width=\"135\"><strong>ASTM Method<\/strong><\/td>\n<td valign=\"top\" width=\"203\"><strong>Value<\/strong><\/td>\n<td valign=\"top\" width=\"128\"><strong>Units<\/strong><\/td>\n<\/tr>\n<tr>\n<td valign=\"top\" width=\"300\">Tensile Strength<\/td>\n<td valign=\"top\" width=\"135\">D-638<\/td>\n<td valign=\"top\" width=\"203\">30,000(206)<\/td>\n<td valign=\"top\" width=\"128\">psi (MPa)<\/td>\n<\/tr>\n<tr>\n<td valign=\"top\" width=\"300\">Tensile Modulus<\/td>\n<td valign=\"top\" width=\"135\">D-638<\/td>\n<td valign=\"top\" width=\"203\">2.5 x 10<sup>6<\/sup> (17.2)<\/td>\n<td valign=\"top\" width=\"128\">psi (GPa)<\/td>\n<\/tr>\n<tr>\n<td valign=\"top\" width=\"300\">Flexural Strength<\/td>\n<td valign=\"top\" width=\"135\">D-790<\/td>\n<td valign=\"top\" width=\"203\">30,000 (206)<\/td>\n<td valign=\"top\" width=\"128\">psi (MPa)<\/td>\n<\/tr>\n<tr>\n<td valign=\"top\" width=\"300\">Flexural Modulus<\/td>\n<td valign=\"top\" width=\"135\">D-790<\/td>\n<td valign=\"top\" width=\"203\">1.8 x 10<sup>6<\/sup> (12.4)<\/td>\n<td valign=\"top\" width=\"128\">psi (GPa)<\/td>\n<\/tr>\n<tr>\n<td valign=\"top\" width=\"300\">Flexural Modulus (Full Section)<\/td>\n<td valign=\"top\" width=\"135\">N\/A<\/td>\n<td valign=\"top\" width=\"203\">2.8 x 10<sup>6<\/sup> (19.3)<\/td>\n<td valign=\"top\" width=\"128\">psi (GPa)<\/td>\n<\/tr>\n<tr>\n<td valign=\"top\" width=\"300\">Beam Shear Shorts (Transverse)<\/td>\n<td valign=\"top\" width=\"135\">D-2344<\/td>\n<td valign=\"top\" width=\"203\">4,500 (31)<\/td>\n<td valign=\"top\" width=\"128\">psi (MPa)<\/td>\n<\/tr>\n<tr>\n<td valign=\"top\" width=\"300\">Shear Modulus (Transverse)<\/td>\n<td valign=\"top\" width=\"135\">N\/A<\/td>\n<td valign=\"top\" width=\"203\">4.5 x 10<sup>5<\/sup> (3.1)<\/td>\n<td valign=\"top\" width=\"128\">psi (GPa)<\/td>\n<\/tr>\n<tr>\n<td valign=\"top\" width=\"300\">Coefficient of Thermal Expansion<\/td>\n<td valign=\"top\" width=\"135\">D-696<\/td>\n<td valign=\"top\" width=\"203\">8.0 x 10<sup>-6<\/sup><\/td>\n<\/tr>\n<\/tbody>\n<\/table>\n<p>\u200b<\/p>\n<p>&nbsp;<\/p>\n<h2>PARTIE 3 \u2013 EX\u00c9CUTION<\/h2>\n<h4>3.0 FABRICATION<\/h4>\n<ul>\n<li>Toutes les plates-formes doivent \u00eatre con\u00e7ues et am\u00e9nag\u00e9es en stricte conformit\u00e9 avec le Code du b\u00e2timent de l&#8217;Ontario.<\/li>\n<li>Les plates-formes doivent \u00eatre assembl\u00e9es en atelier lorsque cela est possible.<\/li>\n<li>Tous les bords, trous et encoches coup\u00e9s ou usin\u00e9s doivent \u00eatre scell\u00e9s pour offrir une r\u00e9sistance maximale \u00e0<\/li>\n<li>la corrosion. Toutes les coupes fabriqu\u00e9es sur place doivent \u00eatre enduites de la m\u00eame mani\u00e8re par l\u2019entrepreneur conform\u00e9ment aux instructions du fabricant.<\/li>\n<\/ul>\n<p>&nbsp;<\/p>\n<h2>4.0 EXIGENCES DE RENDEMENT<\/h2>\n<ul>\n<li>La charge de conception pour les paliers de s\u00e9curit\u00e9 FRP dans les regards doit \u00eatre de 14,4 KPa (300 lb par pied carr\u00e9).<\/li>\n<li>La d\u00e9viation des atterrissages de s\u00e9curit\u00e9 FRP, \u00e0 l&#8217;exception des \u00e9coutilles, ne doit pas d\u00e9passer L\/180 \u00e0 4,8 KPa.<\/li>\n<li>La d\u00e9flexion des \u00e9coutilles \u00e0 mi-port\u00e9e ne doit pas d\u00e9passer L\/360 \u00e0 4,8 KPa (100 lb par pied carr\u00e9).<\/li>\n<\/ul>\n<p>&nbsp;<\/p>\n<h4>5.0 INSTALLATION<\/h4>\n<ul>\n<li>L\u2019entrepreneur devra installer la plate-forme en stricte conformit\u00e9 avec le dessin d\u2019assemblage et le manuel d\u2019installation du fabricant.<\/li>\n<li>Suivez les fiches MSDS du fabricant lors de la coupe ou du per\u00e7age de produits en fibre de verre ou de l&#8217;utilisation de produits en r\u00e9sine\u00a0; assurer une ventilation ad\u00e9quate.<br \/>\n\u200b<\/li>\n<\/ul>","protected":false},"excerpt":{"rendered":"<p>Sp\u00e9cification d&#8217;atterrissage de s\u00e9curit\u00e9 FRP &nbsp; PALIERS DE S\u00c9CURIT\u00c9 EN FIBRE DE VERRE POUR REGARDS PARTIE 1 \u2011 G\u00c9N\u00c9RALIT\u00c9S 1.1 PORT\u00c9E DES TRAVAUX Cette sp\u00e9cification concerne atterrissages s\u00e9curit\u00e9 en fibre de verre pour les regards conform\u00e9ment au Code du b\u00e2timent de l&#8217;Ontario. 1.2 R\u00c9F\u00c9RENCES Les publications r\u00e9pertori\u00e9es ci-dessous font partie de cette description dans la [&hellip;]<\/p>","protected":false},"author":2,"featured_media":76,"parent":0,"menu_order":6,"comment_status":"closed","ping_status":"closed","template":"","meta":{"footnotes":""},"class_list":["post-374","page","type-page","status-publish","has-post-thumbnail","hentry","entry"],"_links":{"self":[{"href":"https:\/\/accessindustrial.com\/fr-ca\/wp-json\/wp\/v2\/pages\/374","targetHints":{"allow":["GET"]}}],"collection":[{"href":"https:\/\/accessindustrial.com\/fr-ca\/wp-json\/wp\/v2\/pages"}],"about":[{"href":"https:\/\/accessindustrial.com\/fr-ca\/wp-json\/wp\/v2\/types\/page"}],"author":[{"embeddable":true,"href":"https:\/\/accessindustrial.com\/fr-ca\/wp-json\/wp\/v2\/users\/2"}],"replies":[{"embeddable":true,"href":"https:\/\/accessindustrial.com\/fr-ca\/wp-json\/wp\/v2\/comments?post=374"}],"version-history":[{"count":0,"href":"https:\/\/accessindustrial.com\/fr-ca\/wp-json\/wp\/v2\/pages\/374\/revisions"}],"wp:featuredmedia":[{"embeddable":true,"href":"https:\/\/accessindustrial.com\/fr-ca\/wp-json\/wp\/v2\/media\/76"}],"wp:attachment":[{"href":"https:\/\/accessindustrial.com\/fr-ca\/wp-json\/wp\/v2\/media?parent=374"}],"curies":[{"name":"wp","href":"https:\/\/api.w.org\/{rel}","templated":true}]}}