{"id":35,"date":"2019-04-19T11:43:56","date_gmt":"2019-04-19T11:43:56","guid":{"rendered":"http:\/\/accessindustr2.wpenginepowered.com\/?page_id=35"},"modified":"2023-12-08T18:16:45","modified_gmt":"2023-12-08T18:16:45","slug":"frp-benefits","status":"publish","type":"page","link":"https:\/\/accessindustrial.com\/fr-ca\/frp-benefits\/","title":{"rendered":"Avantages du PRF"},"content":{"rendered":"<h2 class=\"wp-block-heading\"><strong>Polym\u00e8re renforc\u00e9 de fibre de verre<\/strong><\/h2>\r\n\r\n\r\n\r\n<p>Le PRF (polym\u00e8re renforc\u00e9 de fibre de verre) est le mat\u00e9riau qu\u2019utilise Access Industrial pour cr\u00e9er des produits extr\u00eamement durables, tels les \u00e9chelles, plateformes et garde-corps. Ces produits r\u00e9sistent parfaitement aux milieux tr\u00e8s corrosifs.<\/p>\r\n\r\n\r\n\r\n<p>Le PRF est fiable et robuste. Sa durabilit\u00e9 est in\u00e9gal\u00e9e. Dans l\u2019eau de mer, l\u2019acier inoxydable peut durer cinq ans au maximum, alors que le PRF durera des d\u00e9cennies sans perte de r\u00e9sistance significative, pour une fraction du prix.<\/p>\r\n\r\n\r\n\r\n<p>Nos ing\u00e9nieurs connaissent parfaitement le PRF qu\u2019ils emploient. Nous concevons des produits en PRF extr\u00eamement r\u00e9sistants et durables tout en \u00e9tant \u00e9conomiques. Nous utilisons la th\u00e9orie classique des stratifi\u00e9s ainsi que les plus r\u00e9cents logiciels d\u2019analyse par \u00e9l\u00e9ments finis. Nous pouvons vous recommander les types de r\u00e9sines sp\u00e9cifiques \u00e0 divers milieux corrosifs, et nous avons \u00e0 c\u0153ur d\u2019offrir \u00e0 nos clients des solutions \u00e0 la fois durables et rentables.<\/p>\r\n\r\n\r\n\r\n<blockquote class=\"wp-block-quote is-style-large is-layout-flow wp-block-quote-is-layout-flow\">\r\n<p><em>Contactez Access Industrial Inc. et laissez-nous vous recommander la structure et le mat\u00e9riau les plus \u00e9conomiques pour votre application. Notre service rapide permet de soumettre \u00e0 nos clients une proposition professionnelle en quelques heures. Oubliez les boniments de vente et parlez \u00e0 un sp\u00e9cialiste d\u00e8s maintenant.<\/em><\/p>\r\n<cite><br \/><\/cite><\/blockquote>","protected":false},"excerpt":{"rendered":"<p>Polym\u00e8re renforc\u00e9 de fibre de verre Le PRF (polym\u00e8re renforc\u00e9 de fibre de verre) est le mat\u00e9riau qu\u2019utilise Access Industrial pour cr\u00e9er des produits extr\u00eamement durables, tels les \u00e9chelles, plateformes et garde-corps. Ces produits r\u00e9sistent parfaitement aux milieux tr\u00e8s corrosifs. Le PRF est fiable et robuste. Sa durabilit\u00e9 est in\u00e9gal\u00e9e. Dans l\u2019eau de mer, l\u2019acier [&hellip;]<\/p>","protected":false},"author":6,"featured_media":642,"parent":0,"menu_order":13,"comment_status":"closed","ping_status":"closed","template":"","meta":{"footnotes":""},"class_list":["post-35","page","type-page","status-publish","has-post-thumbnail","hentry","entry"],"_links":{"self":[{"href":"https:\/\/accessindustrial.com\/fr-ca\/wp-json\/wp\/v2\/pages\/35","targetHints":{"allow":["GET"]}}],"collection":[{"href":"https:\/\/accessindustrial.com\/fr-ca\/wp-json\/wp\/v2\/pages"}],"about":[{"href":"https:\/\/accessindustrial.com\/fr-ca\/wp-json\/wp\/v2\/types\/page"}],"author":[{"embeddable":true,"href":"https:\/\/accessindustrial.com\/fr-ca\/wp-json\/wp\/v2\/users\/6"}],"replies":[{"embeddable":true,"href":"https:\/\/accessindustrial.com\/fr-ca\/wp-json\/wp\/v2\/comments?post=35"}],"version-history":[{"count":0,"href":"https:\/\/accessindustrial.com\/fr-ca\/wp-json\/wp\/v2\/pages\/35\/revisions"}],"wp:featuredmedia":[{"embeddable":true,"href":"https:\/\/accessindustrial.com\/fr-ca\/wp-json\/wp\/v2\/media\/642"}],"wp:attachment":[{"href":"https:\/\/accessindustrial.com\/fr-ca\/wp-json\/wp\/v2\/media?parent=35"}],"curies":[{"name":"wp","href":"https:\/\/api.w.org\/{rel}","templated":true}]}}