{"id":279,"date":"2021-12-01T11:02:27","date_gmt":"2021-12-01T11:02:27","guid":{"rendered":"https:\/\/accessindustr2.wpenginepowered.com\/?page_id=279"},"modified":"2025-05-14T14:35:18","modified_gmt":"2025-05-14T14:35:18","slug":"new-home","status":"publish","type":"page","link":"https:\/\/accessindustrial.com\/fr-ca\/","title":{"rendered":"ACCUEIL"},"content":{"rendered":"<div class=\"wpb-content-wrapper\"><div data-vc-full-width=\"true\" data-vc-full-width-init=\"false\" data-vc-stretch-content=\"true\" class=\"vc_row wpb_row vc_row-fluid vc_row-no-padding\"><div class=\"wpb_column vc_column_container vc_col-sm-12\"><div class=\"vc_column-inner\"><div class=\"wpb_wrapper\">\n\t<div class=\"wpb_raw_code wpb_raw_html wpb_content_element\" >\n\t\t<div class=\"wpb_wrapper\">\n\t\t\t<section id=\"homeBanner\" class=\"banner m-b-0 bannerLayout\">\n\t<div id=\"carouselExampleIndicators\" class=\"sliderCar owl-carousel owl-theme\">\n\t\t<!--<div class=\"item\">\n\t\t\t<img decoding=\"async\" src=\"\/wp-content\/themes\/accessIndustrial\/assets\/img\/site\/b4.jpg\" alt=\"image\" title=\"\">\n\t\t<\/div>-->\n\t\t<div class=\"item\">\n\t\t\t<img decoding=\"async\" src=\"\/wp-content\/themes\/accessIndustrial\/assets\/img\/site\/image5.jpg\" alt=\"image\" title=\"\">\n\t\t<\/div>\n\t\t<div class=\"item\">\n\t\t\t<img decoding=\"async\" src=\"\/wp-content\/themes\/accessIndustrial\/assets\/img\/site\/n5.jpg\" alt=\"image\" title=\"\">\n\t\t<\/div>\n\t<\/div>\n\t<div class=\"container\">\n\t\t<div class=\"textOnBanner\">\n\t\t\t<h1>ACCESS INDUSTRIAL INC.<\/h1>\n\t\t\t<p>Nous sommes un fabricant sp\u00e9cialis\u00e9 en structures en PRF <span style=\"color: #e64e25;\">haut de gamme <\/span>, de grade industriel pour milieux corrosifs.<\/p>\n\t\t<\/div>\n\t<\/div>\n<\/section>\n\t\t<\/div>\n\t<\/div>\n<\/div><\/div><\/div><\/div><div class=\"vc_row-full-width vc_clearfix\"><\/div><div data-vc-full-width=\"true\" data-vc-full-width-init=\"false\" data-vc-stretch-content=\"true\" class=\"vc_row wpb_row vc_row-fluid vc_row-no-padding\"><div class=\"wpb_column vc_column_container vc_col-sm-12\"><div class=\"vc_column-inner\"><div class=\"wpb_wrapper\">\n\t<div class=\"wpb_raw_code wpb_raw_html wpb_content_element\" >\n\t\t<div class=\"wpb_wrapper\">\n\t\t\t<section id=\"aboutSection\" class=\"text-left  p-50 m-b-0\">\n\t<div class=\"container\">\n\t\t<div class=\"block-title\">Nous sommes un fabricant sp\u00e9cialis\u00e9 en structures en PRF haut de gamme de grade industriel pour milieux corrosifs.<\/h2>\n\t\t<\/div>\n\t\t<div class=\"row\">\n\t\t\t<div class=\"col-md-5 d-none d-md-block\">\n\t\t\t\t<img decoding=\"async\" style=\"box-shadow:0 4px 8px 0 rgba(0, 0, 0, 0.2), 0 6px 20px 0 rgba(0, 0, 0, 0.19);\" src=\"\/wp-content\/uploads\/2023\/07\/FRP-Platform.webp\" alt=\"Fiber Reinforced Plastic (FRP) platforms offer corrosion-resistant and lightweight solutions for industrial applications. Visible in the picture, the sturdy FRP structure is easily accessible via an FRP ladder. This combination provides a safe, non-conductive, and durable access point for maintenance, inspections, or other operational needs.\" class=\"w-100\" title=\"\">\n\t\t\t<\/div>\n\t\t\t<div class=\"col-md-7\">\n\t\t\t\t<p>Nous sommes un fabricant sp\u00e9cialis\u00e9 en structures en PRF haut de gamme de grade industriel pour milieux corrosifs. Nous concevons et fabriquons des \u00e9quipements d\u2019acc\u00e8s en PRF adapt\u00e9s aux milieux exigeants des industries mini\u00e8re, papeti\u00e8re, pharmaceutique, chimique et du traitement des eaux us\u00e9es.<\/p>\n\t\t\t\t<a href=\"\/about\" class=\"btn btn-lg bg-f clr\" style=\"margin: 20px auto;\">\u00c0 PROPOS<\/a>\n\t\t\t<\/div>\n\t\t<\/div>\n\t<\/div>\n<\/section>\n\t\t<\/div>\n\t<\/div>\n<\/div><\/div><\/div><\/div><div class=\"vc_row-full-width vc_clearfix\"><\/div><div data-vc-full-width=\"true\" data-vc-full-width-init=\"false\" data-vc-stretch-content=\"true\" class=\"vc_row wpb_row vc_row-fluid vc_row-no-padding\"><div class=\"wpb_column vc_column_container vc_col-sm-12\"><div class=\"vc_column-inner\"><div class=\"wpb_wrapper\">\n\t<div class=\"wpb_text_column wpb_content_element\" >\n\t\t<div class=\"wpb_wrapper\">\n\t\t\t<section id=\"ourServices\" class=\"card-group-2 card-padd-0 bg-f5 p-50 text-left\" style=\"margin-bottom: 0px; background: #fff !important;\">\n<div class=\"container\">\n<div class=\"block-title\">\n<h2 class=\"line-default\">NOS PRODUITS<\/h2>\n<\/div>\n<div class=\"productCarousel owl-carousel owl-theme\"><a class=\"item\" href=\"https:\/\/accessindustrial.com\/fr-ca\/Product\/frp-ladders\/\"><div class=\"card\"><div><img decoding=\"async\" src=\"https:\/\/accessindustrial.com\/wp-content\/uploads\/2023\/07\/frp-ladders.webp\" alt=\"\u00c9chelles en PRF\" title=\"\"><\/div><div class=\"card-body\"><h3 class=\"card-title\" style=\"color:#ffffff !important;\">\u00c9chelles en PRF<\/h3><\/div><\/div><\/a><a class=\"item\" href=\"https:\/\/accessindustrial.com\/fr-ca\/Product\/fiberglass-grating\/\"><div class=\"card\"><div><img decoding=\"async\" src=\"https:\/\/accessindustrial.com\/wp-content\/uploads\/2023\/07\/frp-grating-canada.webp\" alt=\"Caillebotis moul\u00e9s et pultrud\u00e9s en PRF\" title=\"\"><\/div><div class=\"card-body\"><h3 class=\"card-title\" style=\"color:#ffffff !important;\">Caillebotis moul\u00e9s et pultrud\u00e9s en PRF<\/h3><\/div><\/div><\/a><a class=\"item\" href=\"https:\/\/accessindustrial.com\/fr-ca\/Product\/frp-safety-landings-for-manholes\/\"><div class=\"card\"><div><img decoding=\"async\" src=\"https:\/\/accessindustrial.com\/wp-content\/uploads\/2023\/07\/frp-safety-landing.webp\" alt=\"Paliers  de s\u00e9curit\u00e9 en PRF pour trous d\u2019homme\" title=\"\"><\/div><div class=\"card-body\"><h3 class=\"card-title\" style=\"color:#ffffff !important;\">Paliers  de s\u00e9curit\u00e9 en PRF pour trous d\u2019homme<\/h3><\/div><\/div><\/a><a class=\"item\" href=\"https:\/\/accessindustrial.com\/fr-ca\/Product\/frp-platforms-for-corrosive-environments\/\"><div class=\"card\"><div><img decoding=\"async\" src=\"https:\/\/accessindustrial.com\/wp-content\/uploads\/2023\/07\/standard-frp-equipment-platfor.webp\" alt=\"Plateformes en PRF pour milieux corrosifs\" title=\"\"><\/div><div class=\"card-body\"><h3 class=\"card-title\" style=\"color:#ffffff !important;\">Plateformes en PRF pour milieux corrosifs<\/h3><\/div><\/div><\/a><a class=\"item\" href=\"https:\/\/accessindustrial.com\/fr-ca\/Product\/frp-covers\/\"><div class=\"card\"><div><img decoding=\"async\" src=\"https:\/\/accessindustrial.com\/wp-content\/uploads\/2023\/07\/frp-covers.webp\" alt=\"Couvercles en PRF\" title=\"\"><\/div><div class=\"card-body\"><h3 class=\"card-title\" style=\"color:#ffffff !important;\">Couvercles en PRF<\/h3><\/div><\/div><\/a><a class=\"item\" href=\"https:\/\/accessindustrial.com\/fr-ca\/Product\/frp-trail-bridges\/\"><div class=\"card\"><div><img decoding=\"async\" src=\"https:\/\/accessindustrial.com\/wp-content\/uploads\/2023\/07\/frp-trail-bridges.webp\" alt=\"Ponts de randonn\u00e9e en PRF\" title=\"\"><\/div><div class=\"card-body\"><h3 class=\"card-title\" style=\"color:#ffffff !important;\">Ponts de randonn\u00e9e en PRF<\/h3><\/div><\/div><\/a><a class=\"item\" href=\"https:\/\/accessindustrial.com\/fr-ca\/Product\/frp-weirs-and-scum-baffles\/\"><div class=\"card\"><div><img decoding=\"async\" src=\"https:\/\/accessindustrial.com\/wp-content\/uploads\/2023\/07\/frp-weir.webp\" alt=\"D\u00e9versoirs et pare-\u00e9cumes en PRF\" title=\"\"><\/div><div class=\"card-body\"><h3 class=\"card-title\" style=\"color:#ffffff !important;\">D\u00e9versoirs et pare-\u00e9cumes en PRF<\/h3><\/div><\/div><\/a><\/div><\/div>\n<\/section>\n\n\t\t<\/div>\n\t<\/div>\n<\/div><\/div><\/div><\/div><div class=\"vc_row-full-width vc_clearfix\"><\/div><div class=\"vc_row wpb_row vc_row-fluid\"><div class=\"wpb_column vc_column_container vc_col-sm-12\"><div class=\"vc_column-inner\"><div class=\"wpb_wrapper\">\n\t<div class=\"wpb_text_column wpb_content_element\" >\n\t\t<div class=\"wpb_wrapper\">\n\t\t\t<div class=\"container p-t-50\">\n<div class=\"block-title\">\n<h2 class=\"line-default\">MARCH\u00c9S QUE NOUS DESSERVONS<\/h2>\n<\/div>\n<\/div>\n            <section class=\"ls about s-py-50 p-t-50 market-section\">\n                <div class=\"container\">\n                    <div class=\"row\">\n                                                    <div class=\"col-md-12 col-lg-6 animate animated slideInLeft\" data-animation=\"slideInLeft\">\n                                <img decoding=\"async\" class=\"img-responsive\" src=\"https:\/\/accessindustrial.com\/wp-content\/uploads\/2023\/07\/FRP-Platform.webp\" alt=\"\" title=\"\">\n                            <\/div>\n                            <div class=\"col-md-12 col-lg-6 animate animated slideInRight\" data-animation=\"slideInRight\">\n                                <div class=\"heading-about text-justify\">\n                                    <h3 class=\"section_title\">REGARDS D\u2019\u00c9GOUT SANITAIRE<\/h3>\n                                    <p><p>Access Industrial offre une gamme compl\u00e8te de produits de s\u00e9curit\u00e9 \u00e9conomiques en PRF. Pour les regards de visite, nous\u00a0 avons une vaste gamme de paliers de s\u00e9curit\u00e9 standard en PRF et d\u2019\u00e9chelles fixes en PRF. Nous fabriquons des plateformes en PRF pour des trous d\u2019homme de 900 mm \u00e0 9000 m de diam\u00e8tre. Les documents de projet (soumissions et dessins d\u00e9taill\u00e9s) sont remis en temps voulu. Nos plateformes en PRF sont esth\u00e9tiques, l\u00e9g\u00e8res, sans entretien, d\u2019acc\u00e8s s\u00e9curitaire et dureront pour des d\u00e9cennies. Le client peut les installer ou en confier l\u2019installation \u00e0 nos sp\u00e9cialistes. Appelez-nous d\u00e8s maintenant pour une soumission!<\/p>\n<\/p>\n                                    <div class=\"mobile-text-center\">\n                                        <a class=\"btn btn-lg bg-f clr\" href=\"https:\/\/accessindustrial.com\/fr-ca\/contact-us\/\">OBTENEZ UNE SOUMISSION<\/a>\n                                    <\/div>\n                                <\/div>\n                            <\/div>\n                                            <\/div>\n                <\/div>\n            <\/section>\n                        <section class=\"ls about s-py-50 p-t-50 market-section\">\n                <div class=\"container\">\n                    <div class=\"row\">\n                                                    <div class=\"col-md-12 col-lg-6 animate showInMobile\" data-animation=\"slideInLeft\">\n                                <img decoding=\"async\" class=\"img-responsive\" src=\"https:\/\/accessindustrial.com\/wp-content\/uploads\/2023\/07\/frp-railing.webp\" alt=\"\" title=\"\">\n                            <\/div>\n                            <div class=\"col-md-12 col-lg-6 animate float-left animated slideInLeft\" data-animation=\"slideInLeft\">\n                                <div class=\"heading-about text-justify\">\n                                    <h3 class=\"section_title\">STATIONS DE TRAITEMENT D\u2019EAUX US\u00c9ES<\/h3>\n                                    <p><p>Access Industrial est sp\u00e9cialis\u00e9e en construction de structures en PRF r\u00e9sistant aux milieux corrosifs des stations de traitement d\u2019eaux us\u00e9es. Nous construisons des plateformes d\u2019acc\u00e8s aux r\u00e9servoirs et aux \u00e9purateurs. Nous fabriquons des escaliers et des garde-corps pour puits de pompage, et des \u00e9chelles en PRF pour aires de confinement chimique. Chaque projet d\u00e9bute par une soumission d\u00e9taill\u00e9e, avec mesures sur place, dessins d\u00e9taill\u00e9s et remise de documents en temps voulu. \u00c0 la fin du projet, les structures en PRF esth\u00e9tiques, l\u00e9g\u00e8res et durables sont livr\u00e9es au client qui peut les faire installer facilement par ses \u00e9quipes. Contactez-nous d\u00e8s maintenant pour nous faire part de votre prochain projet.<\/p>\n<\/p>\n                                    <div class=\"mobile-text-center\">\n                                        <a class=\"btn btn-lg bg-f clr\" href=\"https:\/\/accessindustrial.com\/fr-ca\/contact-us\/\">OBTENEZ UNE SOUMISSION<\/a>\n                                    <\/div>\n                                <\/div>\n                            <\/div>\n                            <div class=\"col-md-12 col-lg-6 animate showIndesktop animated slideInRight\" data-animation=\"slideInRight\">\n                                <img decoding=\"async\" class=\"img-responsive\" src=\"https:\/\/accessindustrial.com\/wp-content\/uploads\/2023\/07\/frp-railing.webp\" alt=\"\" title=\"\">\n                            <\/div>\n                                            <\/div>\n                <\/div>\n            <\/section>\n                        <section class=\"ls about s-py-50 p-t-50 market-section\">\n                <div class=\"container\">\n                    <div class=\"row\">\n                                                    <div class=\"col-md-12 col-lg-6 animate animated slideInLeft\" data-animation=\"slideInLeft\">\n                                <img decoding=\"async\" class=\"img-responsive\" src=\"https:\/\/accessindustrial.com\/wp-content\/uploads\/2023\/07\/frp-stairs.webp\" alt=\"\" title=\"\">\n                            <\/div>\n                            <div class=\"col-md-12 col-lg-6 animate animated slideInRight\" data-animation=\"slideInRight\">\n                                <div class=\"heading-about text-justify\">\n                                    <h3 class=\"section_title\">MAILS ET CENTRES COMMERCIAUX<\/h3>\n                                    <p><p>Les mails et centres commerciaux peuvent devenir des lieux tr\u00e8s corrosifs avec l\u2019utilisation abondante de sel et d\u2019agents nettoyants pr\u00e8s des aires de chargement et des entr\u00e9es. Remplacez vos escaliers d\u2019acc\u00e8s rouill\u00e9s et optez pour les plateformes et marches en PRF antid\u00e9rapant d\u2019Access Industrial. Minimisez les risques de chutes et les probl\u00e8mes d\u2019entretien. Demandez une soumission d\u00e8s maintenant.<\/p>\n<\/p>\n                                    <div class=\"mobile-text-center\">\n                                        <a class=\"btn btn-lg bg-f clr\" href=\"https:\/\/accessindustrial.com\/fr-ca\/contact-us\/\">OBTENEZ UNE SOUMISSION<\/a>\n                                    <\/div>\n                                <\/div>\n                            <\/div>\n                                            <\/div>\n                <\/div>\n            <\/section>\n                        <section class=\"ls about s-py-50 p-t-50 market-section\">\n                <div class=\"container\">\n                    <div class=\"row\">\n                                                    <div class=\"col-md-12 col-lg-6 animate showInMobile\" data-animation=\"slideInLeft\">\n                                <img decoding=\"async\" class=\"img-responsive\" src=\"https:\/\/accessindustrial.com\/wp-content\/uploads\/2023\/07\/frp-railings.webp\" alt=\"\" title=\"\">\n                            <\/div>\n                            <div class=\"col-md-12 col-lg-6 animate float-left animated slideInLeft\" data-animation=\"slideInLeft\">\n                                <div class=\"heading-about text-justify\">\n                                    <h3 class=\"section_title\">B\u00c2TIMENTS PUBLICS<\/h3>\n                                    <p><p>L\u2019entretien des structures d\u2019acc\u00e8s aux b\u00e2timents publics est tr\u00e8s on\u00e9reux. Ne serait-il pas merveilleux de ne plus avoir \u00e0 en faire l\u2019entretien durant des d\u00e9cennies? Access Industrial peut vous fabriquer sur mesure des structures d\u2019acc\u00e8s en PRF sans entretien. Elles faciliteront l\u2019acc\u00e8s aux syst\u00e8mes de climatisation et aux chemin\u00e9es pour les ann\u00e9es \u00e0 venir. Appelez-nous pour une soumission.<\/p>\n<\/p>\n                                    <div class=\"mobile-text-center\">\n                                        <a class=\"btn btn-lg bg-f clr\" href=\"https:\/\/accessindustrial.com\/fr-ca\/contact-us\/\">OBTENEZ UNE SOUMISSION<\/a>\n                                    <\/div>\n                                <\/div>\n                            <\/div>\n                            <div class=\"col-md-12 col-lg-6 animate showIndesktop animated slideInRight\" data-animation=\"slideInRight\">\n                                <img decoding=\"async\" class=\"img-responsive\" src=\"https:\/\/accessindustrial.com\/wp-content\/uploads\/2023\/07\/frp-railings.webp\" alt=\"\" title=\"\">\n                            <\/div>\n                                            <\/div>\n                <\/div>\n            <\/section>\n                        <section class=\"ls about s-py-50 p-t-50 market-section\">\n                <div class=\"container\">\n                    <div class=\"row\">\n                                                    <div class=\"col-md-12 col-lg-6 animate animated slideInLeft\" data-animation=\"slideInLeft\">\n                                <img decoding=\"async\" class=\"img-responsive\" src=\"https:\/\/accessindustrial.com\/wp-content\/uploads\/2023\/07\/frp-stair.webp\" alt=\"\" title=\"\">\n                            <\/div>\n                            <div class=\"col-md-12 col-lg-6 animate animated slideInRight\" data-animation=\"slideInRight\">\n                                <div class=\"heading-about text-justify\">\n                                    <h3 class=\"section_title\">TRAITEMENT DE L\u2019EAU<\/h3>\n                                    <p><p>Access Industrial offre des escaliers, caillebotis, \u00e9chelles et structures sp\u00e9ciales en PRF, conformes aux exigences rigoureuses des stations de traitement d\u2019eau. Nous pouvons fabriquer tout type de structure en PRF avec des produits de norme NSF61. Demandez une soumission d\u00e8s maintenant.<\/p>\n<\/p>\n                                    <div class=\"mobile-text-center\">\n                                        <a class=\"btn btn-lg bg-f clr\" href=\"https:\/\/accessindustrial.com\/fr-ca\/contact-us\/\">OBTENEZ UNE SOUMISSION<\/a>\n                                    <\/div>\n                                <\/div>\n                            <\/div>\n                                            <\/div>\n                <\/div>\n            <\/section>\n            \n\n\t\t<\/div>\n\t<\/div>\n<\/div><\/div><\/div><\/div>\n<\/div>","protected":false},"excerpt":{"rendered":"Access Industrial offre des escaliers, caillebotis, \u00e9chelles et structures sp\u00e9ciales en PRF, conformes aux exigences rigoureuses des stations de traitement d\u2019eau. Nous pouvons fabriquer tout type de structure en PRF avec des produits de norme NSF61. Demandez une soumission d\u00e8s maintenant.","protected":false},"author":2,"featured_media":604,"parent":0,"menu_order":9,"comment_status":"closed","ping_status":"closed","template":"","meta":{"footnotes":""},"class_list":["post-279","page","type-page","status-publish","has-post-thumbnail","hentry","entry"],"_links":{"self":[{"href":"https:\/\/accessindustrial.com\/fr-ca\/wp-json\/wp\/v2\/pages\/279","targetHints":{"allow":["GET"]}}],"collection":[{"href":"https:\/\/accessindustrial.com\/fr-ca\/wp-json\/wp\/v2\/pages"}],"about":[{"href":"https:\/\/accessindustrial.com\/fr-ca\/wp-json\/wp\/v2\/types\/page"}],"author":[{"embeddable":true,"href":"https:\/\/accessindustrial.com\/fr-ca\/wp-json\/wp\/v2\/users\/2"}],"replies":[{"embeddable":true,"href":"https:\/\/accessindustrial.com\/fr-ca\/wp-json\/wp\/v2\/comments?post=279"}],"version-history":[{"count":0,"href":"https:\/\/accessindustrial.com\/fr-ca\/wp-json\/wp\/v2\/pages\/279\/revisions"}],"wp:featuredmedia":[{"embeddable":true,"href":"https:\/\/accessindustrial.com\/fr-ca\/wp-json\/wp\/v2\/media\/604"}],"wp:attachment":[{"href":"https:\/\/accessindustrial.com\/fr-ca\/wp-json\/wp\/v2\/media?parent=279"}],"curies":[{"name":"wp","href":"https:\/\/api.w.org\/{rel}","templated":true}]}}