{"id":27,"date":"2019-04-19T11:26:11","date_gmt":"2019-04-19T11:26:11","guid":{"rendered":"http:\/\/accessindustr2.wpenginepowered.com\/?page_id=27"},"modified":"2025-04-21T15:22:43","modified_gmt":"2025-04-21T15:22:43","slug":"markets","status":"publish","type":"page","link":"https:\/\/accessindustrial.com\/fr-ca\/markets\/","title":{"rendered":"MARCH\u00c9S"},"content":{"rendered":"<div class=\"wpb-content-wrapper\"><div class=\"vc_row wpb_row vc_row-fluid\"><div class=\"wpb_column vc_column_container vc_col-sm-12\"><div class=\"vc_column-inner\"><div class=\"wpb_wrapper\">\n\t<div class=\"wpb_text_column wpb_content_element\" >\n\t\t<div class=\"wpb_wrapper\">\n\t\t\t            <section class=\"ls about s-py-50 p-t-50 market-section\">\n                <div class=\"container\">\n                    <div class=\"row\">\n                                                    <div class=\"col-md-12 col-lg-6 animate animated slideInLeft\" data-animation=\"slideInLeft\">\n                                <img decoding=\"async\" class=\"img-responsive\" src=\"https:\/\/accessindustrial.com\/wp-content\/uploads\/2023\/07\/FRP-Platform.webp\" alt=\"\" title=\"\">\n                            <\/div>\n                            <div class=\"col-md-12 col-lg-6 animate animated slideInRight\" data-animation=\"slideInRight\">\n                                <div class=\"heading-about text-justify\">\n                                    <h3 class=\"section_title\">REGARDS D\u2019\u00c9GOUT SANITAIRE<\/h3>\n                                    <p><p>Access Industrial offre une gamme compl\u00e8te de produits de s\u00e9curit\u00e9 \u00e9conomiques en PRF. Pour les regards de visite, nous\u00a0 avons une vaste gamme de paliers de s\u00e9curit\u00e9 standard en PRF et d\u2019\u00e9chelles fixes en PRF. Nous fabriquons des plateformes en PRF pour des trous d\u2019homme de 900 mm \u00e0 9000 m de diam\u00e8tre. Les documents de projet (soumissions et dessins d\u00e9taill\u00e9s) sont remis en temps voulu. Nos plateformes en PRF sont esth\u00e9tiques, l\u00e9g\u00e8res, sans entretien, d\u2019acc\u00e8s s\u00e9curitaire et dureront pour des d\u00e9cennies. Le client peut les installer ou en confier l\u2019installation \u00e0 nos sp\u00e9cialistes. Appelez-nous d\u00e8s maintenant pour une soumission!<\/p>\n<\/p>\n                                    <div class=\"mobile-text-center\">\n                                        <a class=\"btn btn-lg bg-f clr\" href=\"https:\/\/accessindustrial.com\/fr-ca\/contact-us\/\">OBTENEZ UNE SOUMISSION<\/a>\n                                    <\/div>\n                                <\/div>\n                            <\/div>\n                                            <\/div>\n                <\/div>\n            <\/section>\n                        <section class=\"ls about s-py-50 p-t-50 market-section\">\n                <div class=\"container\">\n                    <div class=\"row\">\n                                                    <div class=\"col-md-12 col-lg-6 animate showInMobile\" data-animation=\"slideInLeft\">\n                                <img decoding=\"async\" class=\"img-responsive\" src=\"https:\/\/accessindustrial.com\/wp-content\/uploads\/2023\/07\/frp-railing.webp\" alt=\"\" title=\"\">\n                            <\/div>\n                            <div class=\"col-md-12 col-lg-6 animate float-left animated slideInLeft\" data-animation=\"slideInLeft\">\n                                <div class=\"heading-about text-justify\">\n                                    <h3 class=\"section_title\">STATIONS DE TRAITEMENT D\u2019EAUX US\u00c9ES<\/h3>\n                                    <p><p>Access Industrial est sp\u00e9cialis\u00e9e en construction de structures en PRF r\u00e9sistant aux milieux corrosifs des stations de traitement d\u2019eaux us\u00e9es. Nous construisons des plateformes d\u2019acc\u00e8s aux r\u00e9servoirs et aux \u00e9purateurs. Nous fabriquons des escaliers et des garde-corps pour puits de pompage, et des \u00e9chelles en PRF pour aires de confinement chimique. Chaque projet d\u00e9bute par une soumission d\u00e9taill\u00e9e, avec mesures sur place, dessins d\u00e9taill\u00e9s et remise de documents en temps voulu. \u00c0 la fin du projet, les structures en PRF esth\u00e9tiques, l\u00e9g\u00e8res et durables sont livr\u00e9es au client qui peut les faire installer facilement par ses \u00e9quipes. Contactez-nous d\u00e8s maintenant pour nous faire part de votre prochain projet.<\/p>\n<\/p>\n                                    <div class=\"mobile-text-center\">\n                                        <a class=\"btn btn-lg bg-f clr\" href=\"https:\/\/accessindustrial.com\/fr-ca\/contact-us\/\">OBTENEZ UNE SOUMISSION<\/a>\n                                    <\/div>\n                                <\/div>\n                            <\/div>\n                            <div class=\"col-md-12 col-lg-6 animate showIndesktop animated slideInRight\" data-animation=\"slideInRight\">\n                                <img decoding=\"async\" class=\"img-responsive\" src=\"https:\/\/accessindustrial.com\/wp-content\/uploads\/2023\/07\/frp-railing.webp\" alt=\"\" title=\"\">\n                            <\/div>\n                                            <\/div>\n                <\/div>\n            <\/section>\n                        <section class=\"ls about s-py-50 p-t-50 market-section\">\n                <div class=\"container\">\n                    <div class=\"row\">\n                                                    <div class=\"col-md-12 col-lg-6 animate animated slideInLeft\" data-animation=\"slideInLeft\">\n                                <img decoding=\"async\" class=\"img-responsive\" src=\"https:\/\/accessindustrial.com\/wp-content\/uploads\/2023\/07\/frp-stairs.webp\" alt=\"\" title=\"\">\n                            <\/div>\n                            <div class=\"col-md-12 col-lg-6 animate animated slideInRight\" data-animation=\"slideInRight\">\n                                <div class=\"heading-about text-justify\">\n                                    <h3 class=\"section_title\">MAILS ET CENTRES COMMERCIAUX<\/h3>\n                                    <p><p>Les mails et centres commerciaux peuvent devenir des lieux tr\u00e8s corrosifs avec l\u2019utilisation abondante de sel et d\u2019agents nettoyants pr\u00e8s des aires de chargement et des entr\u00e9es. Remplacez vos escaliers d\u2019acc\u00e8s rouill\u00e9s et optez pour les plateformes et marches en PRF antid\u00e9rapant d\u2019Access Industrial. Minimisez les risques de chutes et les probl\u00e8mes d\u2019entretien. Demandez une soumission d\u00e8s maintenant.<\/p>\n<\/p>\n                                    <div class=\"mobile-text-center\">\n                                        <a class=\"btn btn-lg bg-f clr\" href=\"https:\/\/accessindustrial.com\/fr-ca\/contact-us\/\">OBTENEZ UNE SOUMISSION<\/a>\n                                    <\/div>\n                                <\/div>\n                            <\/div>\n                                            <\/div>\n                <\/div>\n            <\/section>\n                        <section class=\"ls about s-py-50 p-t-50 market-section\">\n                <div class=\"container\">\n                    <div class=\"row\">\n                                                    <div class=\"col-md-12 col-lg-6 animate showInMobile\" data-animation=\"slideInLeft\">\n                                <img decoding=\"async\" class=\"img-responsive\" src=\"https:\/\/accessindustrial.com\/wp-content\/uploads\/2023\/07\/frp-railings.webp\" alt=\"\" title=\"\">\n                            <\/div>\n                            <div class=\"col-md-12 col-lg-6 animate float-left animated slideInLeft\" data-animation=\"slideInLeft\">\n                                <div class=\"heading-about text-justify\">\n                                    <h3 class=\"section_title\">B\u00c2TIMENTS PUBLICS<\/h3>\n                                    <p><p>L\u2019entretien des structures d\u2019acc\u00e8s aux b\u00e2timents publics est tr\u00e8s on\u00e9reux. Ne serait-il pas merveilleux de ne plus avoir \u00e0 en faire l\u2019entretien durant des d\u00e9cennies? Access Industrial peut vous fabriquer sur mesure des structures d\u2019acc\u00e8s en PRF sans entretien. Elles faciliteront l\u2019acc\u00e8s aux syst\u00e8mes de climatisation et aux chemin\u00e9es pour les ann\u00e9es \u00e0 venir. Appelez-nous pour une soumission.<\/p>\n<\/p>\n                                    <div class=\"mobile-text-center\">\n                                        <a class=\"btn btn-lg bg-f clr\" href=\"https:\/\/accessindustrial.com\/fr-ca\/contact-us\/\">OBTENEZ UNE SOUMISSION<\/a>\n                                    <\/div>\n                                <\/div>\n                            <\/div>\n                            <div class=\"col-md-12 col-lg-6 animate showIndesktop animated slideInRight\" data-animation=\"slideInRight\">\n                                <img decoding=\"async\" class=\"img-responsive\" src=\"https:\/\/accessindustrial.com\/wp-content\/uploads\/2023\/07\/frp-railings.webp\" alt=\"\" title=\"\">\n                            <\/div>\n                                            <\/div>\n                <\/div>\n            <\/section>\n                        <section class=\"ls about s-py-50 p-t-50 market-section\">\n                <div class=\"container\">\n                    <div class=\"row\">\n                                                    <div class=\"col-md-12 col-lg-6 animate animated slideInLeft\" data-animation=\"slideInLeft\">\n                                <img decoding=\"async\" class=\"img-responsive\" src=\"https:\/\/accessindustrial.com\/wp-content\/uploads\/2023\/07\/frp-stair.webp\" alt=\"\" title=\"\">\n                            <\/div>\n                            <div class=\"col-md-12 col-lg-6 animate animated slideInRight\" data-animation=\"slideInRight\">\n                                <div class=\"heading-about text-justify\">\n                                    <h3 class=\"section_title\">TRAITEMENT DE L\u2019EAU<\/h3>\n                                    <p><p>Access Industrial offre des escaliers, caillebotis, \u00e9chelles et structures sp\u00e9ciales en PRF, conformes aux exigences rigoureuses des stations de traitement d\u2019eau. Nous pouvons fabriquer tout type de structure en PRF avec des produits de norme NSF61. Demandez une soumission d\u00e8s maintenant.<\/p>\n<\/p>\n                                    <div class=\"mobile-text-center\">\n                                        <a class=\"btn btn-lg bg-f clr\" href=\"https:\/\/accessindustrial.com\/fr-ca\/contact-us\/\">OBTENEZ UNE SOUMISSION<\/a>\n                                    <\/div>\n                                <\/div>\n                            <\/div>\n                                            <\/div>\n                <\/div>\n            <\/section>\n            \n\n\t\t<\/div>\n\t<\/div>\n<\/div><\/div><\/div><\/div>\n<\/div>","protected":false},"excerpt":{"rendered":"Access Industrial offre des escaliers, caillebotis, \u00e9chelles et structures sp\u00e9ciales en PRF, conformes aux exigences rigoureuses des stations de traitement d\u2019eau. Nous pouvons fabriquer tout type de structure en PRF avec des produits de norme NSF61. Demandez une soumission d\u00e8s maintenant.","protected":false},"author":6,"featured_media":121,"parent":0,"menu_order":15,"comment_status":"closed","ping_status":"closed","template":"","meta":{"footnotes":""},"class_list":["post-27","page","type-page","status-publish","has-post-thumbnail","hentry","entry"],"_links":{"self":[{"href":"https:\/\/accessindustrial.com\/fr-ca\/wp-json\/wp\/v2\/pages\/27","targetHints":{"allow":["GET"]}}],"collection":[{"href":"https:\/\/accessindustrial.com\/fr-ca\/wp-json\/wp\/v2\/pages"}],"about":[{"href":"https:\/\/accessindustrial.com\/fr-ca\/wp-json\/wp\/v2\/types\/page"}],"author":[{"embeddable":true,"href":"https:\/\/accessindustrial.com\/fr-ca\/wp-json\/wp\/v2\/users\/6"}],"replies":[{"embeddable":true,"href":"https:\/\/accessindustrial.com\/fr-ca\/wp-json\/wp\/v2\/comments?post=27"}],"version-history":[{"count":0,"href":"https:\/\/accessindustrial.com\/fr-ca\/wp-json\/wp\/v2\/pages\/27\/revisions"}],"wp:featuredmedia":[{"embeddable":true,"href":"https:\/\/accessindustrial.com\/fr-ca\/wp-json\/wp\/v2\/media\/121"}],"wp:attachment":[{"href":"https:\/\/accessindustrial.com\/fr-ca\/wp-json\/wp\/v2\/media?parent=27"}],"curies":[{"name":"wp","href":"https:\/\/api.w.org\/{rel}","templated":true}]}}