{"id":13,"date":"2019-04-19T07:26:01","date_gmt":"2019-04-19T07:26:01","guid":{"rendered":"http:\/\/accessindustr2.wpenginepowered.com\/?page_id=13"},"modified":"2023-07-24T10:03:16","modified_gmt":"2023-07-24T10:03:16","slug":"our-products","status":"publish","type":"page","link":"https:\/\/accessindustrial.com\/fr-ca\/our-products\/","title":{"rendered":"NOS PRODUITS"},"content":{"rendered":"<section class=\"ls about s-py-50 p-t-50\">\n                        <div class=\"container\">\n                            <div class=\"row\">\n                                <div class=\"col-md-12 col-lg-4 animate animated slideInLeft\" data-animation=\"slideInLeft\">\n                                    <img decoding=\"async\" class=\"img-responsive\" src=\"https:\/\/accessindustrial.com\/wp-content\/uploads\/2023\/07\/frp-ladders.webp\" alt=\"\" title=\"\">\n                                <\/div>\n                                <div class=\"col-md-12 col-lg-8 animate animated slideInRight\" data-animation=\"slideInRight\">\n                                    <div class=\"heading-about text-justify\">\n                                        <h1 class=\"section_title\">\u00c9chelles en PRF<\/h1>\n                                        <p><p>Access Industrial offre une gamme compl\u00e8te de produits de s\u00e9curit\u00e9 \u00e9conomiques en PRF. Pour les regards de visite, nous  avons une vaste gamme de paliers de s\u00e9curit\u00e9 standard en PRF et d\u2019\u00e9chelles fixes en PRF. Nous fabriquons des plateformes en PRF pour des trous d\u2019homme de 900 mm \u00e0 9000 m de diam\u00e8tre. Les documents de projet (soumissions et dessins d\u00e9taill\u00e9s) sont remis en temps voulu. Nos plateformes en PRF sont esth\u00e9tiques, l\u00e9g\u00e8res, sans entretien, d\u2019acc\u00e8s s\u00e9curitaire et dureront pour des d\u00e9cennies. Le client peut les installer ou en confier l\u2019installation \u00e0 nos sp\u00e9cialistes. Appelez-nous d\u00e8s maintenant pour une soumission!<\/p>\n<\/p>\n                                        <div class=\"mobile-text-center\"><a class=\"btn btn-lg bg-f clr\" href=\"https:\/\/accessindustrial.com\/fr-ca\/Product\/frp-ladders\/\">READ MORE<\/a><\/div>\n                                    <\/div>\n                                <\/div>\n                            <\/div>\n                        <\/div>\n        <\/section>\n                    <section class=\"ls about s-py-50 p-t-50\">\n                        <div class=\"container\">\n                            <div class=\"row\">\n                                <div class=\"col-md-12 col-lg-4 animate showInMobile\" data-animation=\"slideInLeft\">\n                                    <img decoding=\"async\" class=\"img-responsive\" src=\"https:\/\/accessindustrial.com\/wp-content\/uploads\/2023\/07\/frp-grating-canada.webp\" alt=\"person01.jpg\" title=\"\">\n                                <\/div>\n                                <div class=\"col-md-12 col-lg-8 animate float-left animated slideInLeft\" data-animation=\"slideInLeft\">\n                                    <div class=\"heading-about text-justify\">\n                                        <h1 class=\"section_title\">Caillebotis moul\u00e9s et pultrud\u00e9s en PRF<\/h1>\n                                        <p><p>Le caillebotis pultrud\u00e9 AccessGrate\u2122 est le cheval de bataille de tous les caillebotis en PRF. Nous le gardons en entrep\u00f4t en tailles standard de 3 pi x 10 pi et 4 pi x 10 pi (914 x 3048 mm et 1219 x 3048 mm). Le caillebotis moul\u00e9 AccessGrate\u2122 est con\u00e7u pour une grande diversit\u00e9 de milieux corrosifs et est offert en tailles standard de 3 pi x 10 pi, 5 pi x 10 pi et 4 pi x 12 pi (914 x 3048 mm, 1524 x 3048 mm et 1219 x 3658 mm). Le caillebotis moul\u00e9 AccessGrate\u2122 d\u00e9fl\u00e9chit plus que le caillebotis pultrud\u00e9 AccessGrate\u2122, mais sa structure moul\u00e9e bidirectionnelle en fait un choix \u00e9conomique l\u00e0 o\u00f9 plusieurs tuyaux ou conduits traversent le caillebotis.<\/p>\n<\/p>\n                                        <div class=\"mobile-text-center\"><a class=\"btn btn-lg bg-f clr\" href=\"https:\/\/accessindustrial.com\/fr-ca\/Product\/fiberglass-grating\/\">READ MORE<\/a><\/div>\n                                    <\/div>\n                                <\/div>\n                                <div class=\"col-md-12 col-lg-4 animate showIndesktop animated slideInRight\" data-animation=\"slideInRight\">\n                                    <img decoding=\"async\" class=\"img-responsive\" src=\"https:\/\/accessindustrial.com\/wp-content\/uploads\/2023\/07\/frp-grating-canada.webp\" alt=\"person01.jpg\" title=\"\">\n                                <\/div>\n                            <\/div>\n                        <\/div>\n        <\/section>\n                    <section class=\"ls about s-py-50 p-t-50\">\n                        <div class=\"container\">\n                            <div class=\"row\">\n                                <div class=\"col-md-12 col-lg-4 animate animated slideInLeft\" data-animation=\"slideInLeft\">\n                                    <img decoding=\"async\" class=\"img-responsive\" src=\"https:\/\/accessindustrial.com\/wp-content\/uploads\/2023\/07\/frp-safety-landing.webp\" alt=\"\" title=\"\">\n                                <\/div>\n                                <div class=\"col-md-12 col-lg-8 animate animated slideInRight\" data-animation=\"slideInRight\">\n                                    <div class=\"heading-about text-justify\">\n                                        <h1 class=\"section_title\">Paliers  de s\u00e9curit\u00e9 en PRF pour trous d\u2019homme<\/h1>\n                                        <p><p>Les budgets pour l\u2019infrastructure souterraine sont de plus en plus serr\u00e9s. Un moyen pour les municipalit\u00e9s d\u2019\u00e9conomiser sur leur budget d\u2019entretien consiste \u00e0 se doter de paliers de s\u00e9curit\u00e9 pour trous d\u2019homme qui n\u2019exigent aucun entretien. Voil\u00e0 pourquoi les ing\u00e9nieurs d\u2019Access Industrial ont d\u00e9velopp\u00e9 des paliers de s\u00e9curit\u00e9 sans entretien en utilisant le PRF. Les paliers de s\u00e9curit\u00e9 en PRF d\u2019Access Industrial sont disponibles pour des trous d\u2019homme de 1200 mm, 1500 mm et 1800 mm. Ils sont non seulement conformes aux exigences structurelles et d\u2019installation des normes provinciales de l\u2019Ontario relatives aux paliers d\u2019acc\u00e8s, mais ils sont sup\u00e9rieurs car ils ne sont pas faits en m\u00e9tal. Les paliers de s\u00e9curit\u00e9 en PRF ne subiront jamais de corrosion et seront exempts de probl\u00e8mes pour la dur\u00e9e de vie des trous d\u2019homme.<\/p>\n<\/p>\n                                        <div class=\"mobile-text-center\"><a class=\"btn btn-lg bg-f clr\" href=\"https:\/\/accessindustrial.com\/fr-ca\/Product\/frp-safety-landings-for-manholes\/\">READ MORE<\/a><\/div>\n                                    <\/div>\n                                <\/div>\n                            <\/div>\n                        <\/div>\n        <\/section>\n                    <section class=\"ls about s-py-50 p-t-50\">\n                        <div class=\"container\">\n                            <div class=\"row\">\n                                <div class=\"col-md-12 col-lg-4 animate showInMobile\" data-animation=\"slideInLeft\">\n                                    <img decoding=\"async\" class=\"img-responsive\" src=\"https:\/\/accessindustrial.com\/wp-content\/uploads\/2023\/07\/standard-frp-equipment-platfor.webp\" alt=\"person01.jpg\" title=\"\">\n                                <\/div>\n                                <div class=\"col-md-12 col-lg-8 animate float-left animated slideInLeft\" data-animation=\"slideInLeft\">\n                                    <div class=\"heading-about text-justify\">\n                                        <h1 class=\"section_title\">Plateformes en PRF pour milieux corrosifs<\/h1>\n                                        <p><p>Access Industrial offre une vaste gamme de plateformes standard en PRF. Elles sont parfaites pour les stations de traitement d\u2019eaux us\u00e9es, les \u00e9gouts, l\u2019industrie chimique et autres milieux corrosifs. Nous avons des solutions \u00e9conomiques pour les aires de confinement et les couvertures de tranch\u00e9e. Nous offrons aussi des plateformes d\u2019acc\u00e8s adapt\u00e9es \u00e0 divers \u00e9quipements. Plusieurs de ces plateformes sont facilement transformables selon les besoins du client, permettant des \u00e9conomies de temps et d\u2019argent. Toutes nos structures standard en PRF sont fournies avec dessins d\u2019atelier (CAD) estampill\u00e9s du sceau de l\u2019ing\u00e9nieur et incluent la supervision d\u2019installation.<\/p>\n<\/p>\n                                        <div class=\"mobile-text-center\"><a class=\"btn btn-lg bg-f clr\" href=\"https:\/\/accessindustrial.com\/fr-ca\/Product\/frp-platforms-for-corrosive-environments\/\">READ MORE<\/a><\/div>\n                                    <\/div>\n                                <\/div>\n                                <div class=\"col-md-12 col-lg-4 animate showIndesktop animated slideInRight\" data-animation=\"slideInRight\">\n                                    <img decoding=\"async\" class=\"img-responsive\" src=\"https:\/\/accessindustrial.com\/wp-content\/uploads\/2023\/07\/standard-frp-equipment-platfor.webp\" alt=\"person01.jpg\" title=\"\">\n                                <\/div>\n                            <\/div>\n                        <\/div>\n        <\/section>\n                    <section class=\"ls about s-py-50 p-t-50\">\n                        <div class=\"container\">\n                            <div class=\"row\">\n                                <div class=\"col-md-12 col-lg-4 animate animated slideInLeft\" data-animation=\"slideInLeft\">\n                                    <img decoding=\"async\" class=\"img-responsive\" src=\"https:\/\/accessindustrial.com\/wp-content\/uploads\/2023\/07\/frp-covers.webp\" alt=\"\" title=\"\">\n                                <\/div>\n                                <div class=\"col-md-12 col-lg-8 animate animated slideInRight\" data-animation=\"slideInRight\">\n                                    <div class=\"heading-about text-justify\">\n                                        <h1 class=\"section_title\">Couvercles en PRF<\/h1>\n                                        <p><p>Access Industrial con\u00e7oit et fabrique des couvercles en PRF pour prot\u00e9ger des intemp\u00e9ries et des odeurs. Nos couvercles en PRF co\u00fbtent beaucoup moins cher que ceux en acier inoxydable, en aluminium ou en b\u00e9ton coul\u00e9 sur place. La r\u00e9sistance \u00e0 la corrosion du PRF en fait un mat\u00e9riau ad\u00e9quat pour les stations de traitement d\u2019eaux us\u00e9es. Tous nos couvercles en PRF sont fournis sous forme de kits. Ils sont exp\u00e9di\u00e9s \u00e0 plat au lieu d\u2019utilisation. Les joints entre les panneaux et les attaches sont boulonn\u00e9s et fix\u00e9s durant l\u2019assemblage. D\u2019autres types d\u2019attaches sont disponibles si les panneaux doivent \u00eatre retir\u00e9s. Des trappes et hublots d\u2019inspection peuvent \u00eatre inclus sur demande, de m\u00eame que des couvercles r\u00e9sistants au feu pour installations int\u00e9rieures. Nos couvercles sont dot\u00e9s d\u2019inhibiteurs de rayons UV et d\u2019un voile de surface pour une protection accrue contre les rayons UV et la corrosion.<\/p>\n<\/p>\n                                        <div class=\"mobile-text-center\"><a class=\"btn btn-lg bg-f clr\" href=\"https:\/\/accessindustrial.com\/fr-ca\/Product\/frp-covers\/\">READ MORE<\/a><\/div>\n                                    <\/div>\n                                <\/div>\n                            <\/div>\n                        <\/div>\n        <\/section>\n                    <section class=\"ls about s-py-50 p-t-50\">\n                        <div class=\"container\">\n                            <div class=\"row\">\n                                <div class=\"col-md-12 col-lg-4 animate showInMobile\" data-animation=\"slideInLeft\">\n                                    <img decoding=\"async\" class=\"img-responsive\" src=\"https:\/\/accessindustrial.com\/wp-content\/uploads\/2023\/07\/frp-trail-bridges.webp\" alt=\"person01.jpg\" title=\"\">\n                                <\/div>\n                                <div class=\"col-md-12 col-lg-8 animate float-left animated slideInLeft\" data-animation=\"slideInLeft\">\n                                    <div class=\"heading-about text-justify\">\n                                        <h1 class=\"section_title\">Ponts de randonn\u00e9e en PRF<\/h1>\n                                        <p><p>Access Industrial con\u00e7oit et fabrique des ponts de randonn\u00e9e durables en PRF (polym\u00e8re renforc\u00e9 de fibre de verre). Ces ponts sont con\u00e7us pour des d\u00e9cennies d\u2019utilisation continue dans des lieux difficiles d\u2019acc\u00e8s. Le PRF est le mat\u00e9riau id\u00e9al pour les ponts de randonn\u00e9e, en raison de sa solidit\u00e9 et de sa r\u00e9sistance \u00e0 la pourriture, qui ronge les ponts en bois. Nos ponts de randonn\u00e9e en PRF sont l\u00e9gers et n\u2019exigent aucune habilet\u00e9 sp\u00e9ciale \u00e0 assembler. Ils ne n\u00e9cessitent aucun entretien, ce qui en fait un excellent choix pour les sentiers de randonn\u00e9e dans la nature et autres lieux difficiles d\u2019acc\u00e8s.<\/p>\n<\/p>\n                                        <div class=\"mobile-text-center\"><a class=\"btn btn-lg bg-f clr\" href=\"https:\/\/accessindustrial.com\/fr-ca\/Product\/frp-trail-bridges\/\">READ MORE<\/a><\/div>\n                                    <\/div>\n                                <\/div>\n                                <div class=\"col-md-12 col-lg-4 animate showIndesktop animated slideInRight\" data-animation=\"slideInRight\">\n                                    <img decoding=\"async\" class=\"img-responsive\" src=\"https:\/\/accessindustrial.com\/wp-content\/uploads\/2023\/07\/frp-trail-bridges.webp\" alt=\"person01.jpg\" title=\"\">\n                                <\/div>\n                            <\/div>\n                        <\/div>\n        <\/section>\n                    <section class=\"ls about s-py-50 p-t-50\">\n                        <div class=\"container\">\n                            <div class=\"row\">\n                                <div class=\"col-md-12 col-lg-4 animate animated slideInLeft\" data-animation=\"slideInLeft\">\n                                    <img decoding=\"async\" class=\"img-responsive\" src=\"https:\/\/accessindustrial.com\/wp-content\/uploads\/2023\/07\/frp-weir.webp\" alt=\"\" title=\"\">\n                                <\/div>\n                                <div class=\"col-md-12 col-lg-8 animate animated slideInRight\" data-animation=\"slideInRight\">\n                                    <div class=\"heading-about text-justify\">\n                                        <h1 class=\"section_title\">D\u00e9versoirs et pare-\u00e9cumes en PRF<\/h1>\n                                        <p><p>Les d\u00e9versoirs des stations de traitement d\u2019eau potable et d\u2019eaux us\u00e9es servent \u00e0 r\u00e9guler les d\u00e9bits d\u2019eau qui alimentent les goulottes de surverse. Le d\u00e9bit d\u2019entr\u00e9e est contr\u00f4l\u00e9 par leur \u00e9l\u00e9vation. Nos d\u00e9versoirs sont offerts avec \u00e9chancrure rectangulaire ou triangulaire et fabriqu\u00e9s en PRF. Ils sont fournis sous forme de kit et incluent les ancrages en acier inoxydable 316, les rondelles en PRF et un manuel d\u2019installation d\u00e9taill\u00e9. Vous ne voulez pas avoir \u00e0 les installer? Aucun probl\u00e8me! Demandez-nous une soumission d\u2019installation par l\u2019un de nos entrepreneurs agr\u00e9\u00e9s.<\/p>\n<\/p>\n                                        <div class=\"mobile-text-center\"><a class=\"btn btn-lg bg-f clr\" href=\"https:\/\/accessindustrial.com\/fr-ca\/Product\/frp-weirs-and-scum-baffles\/\">READ MORE<\/a><\/div>\n                                    <\/div>\n                                <\/div>\n                            <\/div>\n                        <\/div>\n        <\/section>\n                                                                                    <\/div>\n        \r\n<!--<h4>We offer a full range of FRP products including gratings, railings, ladders, stairs, plates and work platforms. In addition to our standard FRP stair solutions and structural products, we provide products with resin formulations engineered for specific corrosion, safety and strength requirements in a variety of custom shapes and colours.<\/h4>-->","protected":false},"excerpt":{"rendered":"D\u00e9versoirs et pare-\u00e9cumes en PRF D\u00e9versoirs en PRF Les d\u00e9versoirs des stations de traitement d\u2019eau potable et d\u2019eaux us\u00e9es servent \u00e0 r\u00e9guler les d\u00e9bits d\u2019eau qui alimentent les goulottes de surverse. Le d\u00e9bit d\u2019entr\u00e9e est contr\u00f4l\u00e9 par leur \u00e9l\u00e9vation. Nos d\u00e9versoirs sont offerts avec \u00e9chancrure rectangulaire ou triangulaire et fabriqu\u00e9s en PRF. Ils sont fournis [...]","protected":false},"author":6,"featured_media":121,"parent":0,"menu_order":16,"comment_status":"closed","ping_status":"closed","template":"","meta":{"footnotes":""},"class_list":["post-13","page","type-page","status-publish","has-post-thumbnail","hentry","entry"],"_links":{"self":[{"href":"https:\/\/accessindustrial.com\/fr-ca\/wp-json\/wp\/v2\/pages\/13","targetHints":{"allow":["GET"]}}],"collection":[{"href":"https:\/\/accessindustrial.com\/fr-ca\/wp-json\/wp\/v2\/pages"}],"about":[{"href":"https:\/\/accessindustrial.com\/fr-ca\/wp-json\/wp\/v2\/types\/page"}],"author":[{"embeddable":true,"href":"https:\/\/accessindustrial.com\/fr-ca\/wp-json\/wp\/v2\/users\/6"}],"replies":[{"embeddable":true,"href":"https:\/\/accessindustrial.com\/fr-ca\/wp-json\/wp\/v2\/comments?post=13"}],"version-history":[{"count":0,"href":"https:\/\/accessindustrial.com\/fr-ca\/wp-json\/wp\/v2\/pages\/13\/revisions"}],"wp:featuredmedia":[{"embeddable":true,"href":"https:\/\/accessindustrial.com\/fr-ca\/wp-json\/wp\/v2\/media\/121"}],"wp:attachment":[{"href":"https:\/\/accessindustrial.com\/fr-ca\/wp-json\/wp\/v2\/media?parent=13"}],"curies":[{"name":"wp","href":"https:\/\/api.w.org\/{rel}","templated":true}]}}