{"id":11,"date":"2019-04-19T07:25:46","date_gmt":"2019-04-19T07:25:46","guid":{"rendered":"http:\/\/accessindustr2.wpenginepowered.com\/?page_id=11"},"modified":"2023-07-24T11:06:30","modified_gmt":"2023-07-24T11:06:30","slug":"about-us","status":"publish","type":"page","link":"https:\/\/accessindustrial.com\/fr-ca\/about-us\/","title":{"rendered":"\u00c0 PROPOS"},"content":{"rendered":"<!--<h3>We, at Access Industrial,&nbsp;are&nbsp;a team of dedicated professionals. <\/h3>-->\r\n\r\n\r\n<p>Nous sommes un fabricant sp\u00e9cialis\u00e9 en structures en PRF de grade industriel pour milieux corrosifs. Nous concevons et fabriquons des \u00e9quipements d\u2019acc\u00e8s en PRF adapt\u00e9s aux milieux exigeants des industries mini\u00e8re, papeti\u00e8re, pharmaceutique, chimique et du traitement des eaux us\u00e9es.<\/p>\r\n\r\n\r\n\r\n<p>Il est temps d\u2019agir et de minimiser l\u2019impact de la corrosion sur vos actifs. Il est temps de remplacer les plateformes, \u00e9chelles et escaliers rouill\u00e9s par des produits en PRF durables et vraiment \u00e9conomiques. \u00c9liminez les risques de blessures en rempla\u00e7ant les paliers de \u00abs\u00e9curit\u00e9\u00bb en m\u00e9tal rouill\u00e9s par des paliers de s\u00e9curit\u00e9 en PRF exempts de corrosion. Il est temps d\u2019assurer un acc\u00e8s s\u00e9curitaire aux travailleurs de maintenant et des g\u00e9n\u00e9rations futures!<\/p>\r\n\r\n\r\n\r\n<blockquote class=\"wp-block-quote is-style-large is-layout-flow wp-block-quote-is-layout-flow\">\r\n<p><em>Profitez des avantages \u00e0 travailler avec Access Industrial. Oubliez les boniments de vente et parlez directement au concepteur. Nous vous pr\u00e9senterons des solutions efficaces, parfaitement adapt\u00e9es \u00e0 vos besoins.<\/em><\/p>\r\n<cite><br \/><\/cite><\/blockquote>","protected":false},"excerpt":{"rendered":"<p>Nous sommes un fabricant sp\u00e9cialis\u00e9 en structures en PRF de grade industriel pour milieux corrosifs. Nous concevons et fabriquons des \u00e9quipements d\u2019acc\u00e8s en PRF adapt\u00e9s aux milieux exigeants des industries mini\u00e8re, papeti\u00e8re, pharmaceutique, chimique et du traitement des eaux us\u00e9es. Il est temps d\u2019agir et de minimiser l\u2019impact de la corrosion sur vos actifs. Il [&hellip;]<\/p>","protected":false},"author":6,"featured_media":117,"parent":0,"menu_order":10,"comment_status":"closed","ping_status":"closed","template":"","meta":{"footnotes":""},"class_list":["post-11","page","type-page","status-publish","has-post-thumbnail","hentry","entry"],"_links":{"self":[{"href":"https:\/\/accessindustrial.com\/fr-ca\/wp-json\/wp\/v2\/pages\/11","targetHints":{"allow":["GET"]}}],"collection":[{"href":"https:\/\/accessindustrial.com\/fr-ca\/wp-json\/wp\/v2\/pages"}],"about":[{"href":"https:\/\/accessindustrial.com\/fr-ca\/wp-json\/wp\/v2\/types\/page"}],"author":[{"embeddable":true,"href":"https:\/\/accessindustrial.com\/fr-ca\/wp-json\/wp\/v2\/users\/6"}],"replies":[{"embeddable":true,"href":"https:\/\/accessindustrial.com\/fr-ca\/wp-json\/wp\/v2\/comments?post=11"}],"version-history":[{"count":0,"href":"https:\/\/accessindustrial.com\/fr-ca\/wp-json\/wp\/v2\/pages\/11\/revisions"}],"wp:featuredmedia":[{"embeddable":true,"href":"https:\/\/accessindustrial.com\/fr-ca\/wp-json\/wp\/v2\/media\/117"}],"wp:attachment":[{"href":"https:\/\/accessindustrial.com\/fr-ca\/wp-json\/wp\/v2\/media?parent=11"}],"curies":[{"name":"wp","href":"https:\/\/api.w.org\/{rel}","templated":true}]}}